{"id":1368,"date":"2020-09-17T07:20:30","date_gmt":"2020-09-17T05:20:30","guid":{"rendered":"http:\/\/www.padabam.de\/1338\/index.php\/about\/"},"modified":"2021-05-16T00:27:54","modified_gmt":"2021-05-15T22:27:54","slug":"das-hufproblem","status":"publish","type":"page","link":"https:\/\/www.padabam.de\/index.php\/das-hufproblem\/","title":{"rendered":"das Hufproblem"},"content":{"rendered":"\n<div class=\"wp-block-group alignfull has-white-background-color has-background is-layout-flow wp-block-group-is-layout-flow\"><div class=\"wp-block-group__inner-container\">\n<h1 class=\"wp-block-heading\" style=\"font-size:38px\">das Hufproblem<\/h1>\n<\/div><\/div>\n\n\n\n<div class=\"wp-block-group alignfull has-background is-layout-flow wp-block-group-is-layout-flow\" style=\"background-color:#fafafa\"><div class=\"wp-block-group__inner-container\">\n<div class=\"wp-block-media-text alignwide is-vertically-aligned-center is-image-fill is-stacked-on-mobile\" style=\"grid-template-columns:29% auto\"><figure class=\"wp-block-media-text__media\" style=\"background-image:url(https:\/\/www.padabam.de\/1338\/wp-content\/uploads\/2021\/05\/c6-1024x683.jpg);background-position:50% 50%\"><img loading=\"lazy\" decoding=\"async\" width=\"1024\" height=\"683\" src=\"https:\/\/www.padabam.de\/1338\/wp-content\/uploads\/2021\/05\/c6-1024x683.jpg\" alt=\"\" class=\"wp-image-1638 size-full\" srcset=\"https:\/\/www.padabam.de\/1338\/wp-content\/uploads\/2021\/05\/c6-1024x683.jpg 1024w, https:\/\/www.padabam.de\/1338\/wp-content\/uploads\/2021\/05\/c6-300x200.jpg 300w, https:\/\/www.padabam.de\/1338\/wp-content\/uploads\/2021\/05\/c6-768x512.jpg 768w, https:\/\/www.padabam.de\/1338\/wp-content\/uploads\/2021\/05\/c6-1536x1024.jpg 1536w, https:\/\/www.padabam.de\/1338\/wp-content\/uploads\/2021\/05\/c6-2048x1365.jpg 2048w\" sizes=\"auto, (max-width: 1024px) 100vw, 1024px\" \/><\/figure><div class=\"wp-block-media-text__content\">\n<p class=\"wp-block-paragraph\">\u00dcblicherweise werden Hufstellungen und Hufformen \u201ekorrigiert\u201c, indem der Huf von unten gek\u00fcrzt oder mit Material unterbaut wird. Sehnen, B\u00e4nder und Gelenke, die sich w\u00e4hrend des Prozesses des Schiefwerdens auf die ungleichm\u00e4\u00dfige Belastungssituation eingestellt haben, werden pl\u00f6tzlich in eine neue Lage gezwungen.<br>In anderen F\u00e4llen l\u00e4sst man die Natur einfach machen \u2013 \u201eDas ist halt so\u201c.<\/p>\n\n\n\n<p class=\"wp-block-paragraph\">Deshalb sind Lahmheiten die h\u00e4ufigsten Erkrankungen der Pferde. Viele davon finden ihre Ursache im Huf.<\/p>\n\n\n\n<div class=\"wp-block-buttons is-layout-flex wp-block-buttons-is-layout-flex\">\n<div class=\"wp-block-button\"><a class=\"wp-block-button__link\" href=\"https:\/\/www.padabam.de\/index.php\/kontakt\/\">Kontakt<\/a><\/div>\n<\/div>\n<\/div><\/div>\n<\/div><\/div>\n\n\n\n<div class=\"wp-block-group alignfull has-background is-layout-flow wp-block-group-is-layout-flow\" style=\"background-color:#e6f2ea\"><div class=\"wp-block-group__inner-container\">\n<h2 class=\"wp-block-heading\"><\/h2>\n\n\n\n<p class=\"wp-block-paragraph\"> <strong>&#8211; Hufrollenentz\u00fcndung<br>&#8211; Hufknorpelverkn\u00f6cherung<br>&#8211; Schale<br>&#8211; Arthrose<br>&#8211; Spat<br>&#8211; Hufgeschw\u00fcre<\/strong> <br><strong>&#8211; Hufabszesse<br>&#8211; Hornspalten<br>&#8211; Horns\u00e4ulen<br>&#8211; white line desease<br>&#8211; Br\u00f6ckelnde Hufe<\/strong> <\/p>\n\n\n\n<p class=\"wp-block-paragraph\"> sind aber keine pl\u00f6tzlich entstehenden Probleme, sondern Ergebnis einer andauernden unphysiologischen Belastungssituation des Hufes und der Gliedma\u00dfe.<br>Selbst <strong>Hufrehe<\/strong> entsteht oft nur, weil die Hornkapsel aus ihrer gesunden Form geraten ist. <\/p>\n\n\n\n<p class=\"wp-block-paragraph\"><\/p>\n\n\n\n<p class=\"wp-block-paragraph\"><\/p>\n\n\n\n<p class=\"wp-block-paragraph\"><\/p>\n\n\n\n<p class=\"wp-block-paragraph\"><\/p>\n<\/div><\/div>\n\n\n\n<div class=\"wp-block-group alignfull has-white-background-color has-background is-layout-flow wp-block-group-is-layout-flow\"><div class=\"wp-block-group__inner-container\">\n<h2 class=\"wp-block-heading\"><\/h2>\n\n\n\n<p class=\"wp-block-paragraph\"><\/p>\n\n\n\n<p class=\"wp-block-paragraph\"><\/p>\n\n\n\n<p class=\"wp-block-paragraph\"><\/p>\n<\/div><\/div>\n","protected":false},"excerpt":{"rendered":"<p>das Hufproblem \u00dcblicherweise werden Hufstellungen und Hufformen \u201ekorrigiert\u201c, indem der Huf von unten gek\u00fcrzt oder mit Material unterbaut wird. Sehnen, B\u00e4nder und Gelenke, die sich w\u00e4hrend des Prozesses des Schiefwerdens auf die ungleichm\u00e4\u00dfige Belastungssituation eingestellt haben, werden pl\u00f6tzlich in eine neue Lage gezwungen.In anderen F\u00e4llen l\u00e4sst man die Natur einfach machen \u2013 \u201eDas ist halt [&hellip;]<\/p>\n","protected":false},"author":1,"featured_media":0,"parent":0,"menu_order":0,"comment_status":"closed","ping_status":"closed","template":"","meta":{"_crdt_document":"","site-sidebar-layout":"no-sidebar","site-content-layout":"plain-container","ast-site-content-layout":"default","site-content-style":"default","site-sidebar-style":"default","ast-global-header-display":"","ast-banner-title-visibility":"","ast-main-header-display":"","ast-hfb-above-header-display":"","ast-hfb-below-header-display":"","ast-hfb-mobile-header-display":"","site-post-title":"disabled","ast-breadcrumbs-content":"","ast-featured-img":"disabled","footer-sml-layout":"","ast-disable-related-posts":"","theme-transparent-header-meta":"default","adv-header-id-meta":"","stick-header-meta":"","header-above-stick-meta":"","header-main-stick-meta":"","header-below-stick-meta":"","astra-migrate-meta-layouts":"default","ast-page-background-enabled":"default","ast-page-background-meta":{"desktop":{"background-color":"","background-image":"","background-repeat":"repeat","background-position":"center center","background-size":"auto","background-attachment":"scroll","background-type":"","background-media":"","overlay-type":"","overlay-color":"","overlay-opacity":"","overlay-gradient":""},"tablet":{"background-color":"","background-image":"","background-repeat":"repeat","background-position":"center center","background-size":"auto","background-attachment":"scroll","background-type":"","background-media":"","overlay-type":"","overlay-color":"","overlay-opacity":"","overlay-gradient":""},"mobile":{"background-color":"","background-image":"","background-repeat":"repeat","background-position":"center center","background-size":"auto","background-attachment":"scroll","background-type":"","background-media":"","overlay-type":"","overlay-color":"","overlay-opacity":"","overlay-gradient":""}},"ast-content-background-meta":{"desktop":{"background-color":"var(--ast-global-color-5)","background-image":"","background-repeat":"repeat","background-position":"center center","background-size":"auto","background-attachment":"scroll","background-type":"","background-media":"","overlay-type":"","overlay-color":"","overlay-opacity":"","overlay-gradient":""},"tablet":{"background-color":"var(--ast-global-color-5)","background-image":"","background-repeat":"repeat","background-position":"center center","background-size":"auto","background-attachment":"scroll","background-type":"","background-media":"","overlay-type":"","overlay-color":"","overlay-opacity":"","overlay-gradient":""},"mobile":{"background-color":"var(--ast-global-color-5)","background-image":"","background-repeat":"repeat","background-position":"center center","background-size":"auto","background-attachment":"scroll","background-type":"","background-media":"","overlay-type":"","overlay-color":"","overlay-opacity":"","overlay-gradient":""}},"footnotes":""},"class_list":["post-1368","page","type-page","status-publish","hentry"],"yoast_head":"<!-- This site is optimized with the Yoast SEO plugin v27.1.1 - https:\/\/yoast.com\/product\/yoast-seo-wordpress\/ -->\n<title>Padabam - das Hufproblem<\/title>\n<meta name=\"description\" content=\"Qualifizierte Huforthop\u00e4dische und Osteopathische Behandlung f\u00fcr Pferde f\u00fcr die Regionen F\u00fcrstenfeldbruck, Aichach-Friedberg, Augsburg, Freising, Landsberg a. Lech, M\u00fcnchen, Neuburg-Schrobenhausen, Pfaffenhofen a. d. Ilm, Starnberg, Ebersberg, Erding, Dillingen a. d. Donau, Donau Ries und das Allg\u00e4u.\" \/>\n<meta name=\"robots\" content=\"index, follow, max-snippet:-1, max-image-preview:large, max-video-preview:-1\" \/>\n<link rel=\"canonical\" href=\"https:\/\/www.padabam.de\/index.php\/das-hufproblem\/\" \/>\n<meta property=\"og:locale\" content=\"de_DE\" \/>\n<meta property=\"og:type\" content=\"article\" \/>\n<meta property=\"og:title\" content=\"Padabam - das Hufproblem\" \/>\n<meta property=\"og:description\" content=\"Qualifizierte Huforthop\u00e4dische und Osteopathische Behandlung f\u00fcr Pferde f\u00fcr die Regionen F\u00fcrstenfeldbruck, Aichach-Friedberg, Augsburg, Freising, Landsberg a. Lech, M\u00fcnchen, Neuburg-Schrobenhausen, Pfaffenhofen a. d. Ilm, Starnberg, Ebersberg, Erding, Dillingen a. d. Donau, Donau Ries und das Allg\u00e4u.\" \/>\n<meta property=\"og:url\" content=\"https:\/\/www.padabam.de\/index.php\/das-hufproblem\/\" \/>\n<meta property=\"og:site_name\" content=\"Padabam\" \/>\n<meta property=\"article:modified_time\" content=\"2021-05-15T22:27:54+00:00\" \/>\n<meta property=\"og:image\" content=\"http:\/\/www.padabam.de\/1338\/wp-content\/uploads\/2021\/05\/c6-1024x683.jpg\" \/>\n<meta name=\"twitter:card\" content=\"summary_large_image\" \/>\n<meta name=\"twitter:label1\" content=\"Gesch\u00e4tzte Lesezeit\" \/>\n\t<meta name=\"twitter:data1\" content=\"1\u00a0Minute\" \/>\n<script type=\"application\/ld+json\" class=\"yoast-schema-graph\">{\"@context\":\"https:\/\/schema.org\",\"@graph\":[{\"@type\":\"WebPage\",\"@id\":\"https:\/\/www.padabam.de\/index.php\/das-hufproblem\/\",\"url\":\"https:\/\/www.padabam.de\/index.php\/das-hufproblem\/\",\"name\":\"Padabam - das Hufproblem\",\"isPartOf\":{\"@id\":\"https:\/\/www.padabam.de\/#website\"},\"primaryImageOfPage\":{\"@id\":\"https:\/\/www.padabam.de\/index.php\/das-hufproblem\/#primaryimage\"},\"image\":{\"@id\":\"https:\/\/www.padabam.de\/index.php\/das-hufproblem\/#primaryimage\"},\"thumbnailUrl\":\"http:\/\/www.padabam.de\/1338\/wp-content\/uploads\/2021\/05\/c6-1024x683.jpg\",\"datePublished\":\"2020-09-17T05:20:30+00:00\",\"dateModified\":\"2021-05-15T22:27:54+00:00\",\"description\":\"Qualifizierte Huforthop\u00e4dische und Osteopathische Behandlung f\u00fcr Pferde f\u00fcr die Regionen F\u00fcrstenfeldbruck, Aichach-Friedberg, Augsburg, Freising, Landsberg a. Lech, M\u00fcnchen, Neuburg-Schrobenhausen, Pfaffenhofen a. d. Ilm, Starnberg, Ebersberg, Erding, Dillingen a. d. Donau, Donau Ries und das Allg\u00e4u.\",\"breadcrumb\":{\"@id\":\"https:\/\/www.padabam.de\/index.php\/das-hufproblem\/#breadcrumb\"},\"inLanguage\":\"de\",\"potentialAction\":[{\"@type\":\"ReadAction\",\"target\":[\"https:\/\/www.padabam.de\/index.php\/das-hufproblem\/\"]}]},{\"@type\":\"ImageObject\",\"inLanguage\":\"de\",\"@id\":\"https:\/\/www.padabam.de\/index.php\/das-hufproblem\/#primaryimage\",\"url\":\"http:\/\/www.padabam.de\/1338\/wp-content\/uploads\/2021\/05\/c6-1024x683.jpg\",\"contentUrl\":\"http:\/\/www.padabam.de\/1338\/wp-content\/uploads\/2021\/05\/c6-1024x683.jpg\"},{\"@type\":\"BreadcrumbList\",\"@id\":\"https:\/\/www.padabam.de\/index.php\/das-hufproblem\/#breadcrumb\",\"itemListElement\":[{\"@type\":\"ListItem\",\"position\":1,\"name\":\"Startseite\",\"item\":\"https:\/\/www.padabam.de\/\"},{\"@type\":\"ListItem\",\"position\":2,\"name\":\"das Hufproblem\"}]},{\"@type\":\"WebSite\",\"@id\":\"https:\/\/www.padabam.de\/#website\",\"url\":\"https:\/\/www.padabam.de\/\",\"name\":\"Padabam\",\"description\":\"Huforthop\u00e4die &amp; Osteopathie f\u00fcr Pferde\",\"publisher\":{\"@id\":\"https:\/\/www.padabam.de\/#organization\"},\"potentialAction\":[{\"@type\":\"SearchAction\",\"target\":{\"@type\":\"EntryPoint\",\"urlTemplate\":\"https:\/\/www.padabam.de\/?s={search_term_string}\"},\"query-input\":{\"@type\":\"PropertyValueSpecification\",\"valueRequired\":true,\"valueName\":\"search_term_string\"}}],\"inLanguage\":\"de\"},{\"@type\":\"Organization\",\"@id\":\"https:\/\/www.padabam.de\/#organization\",\"name\":\"Padabam\",\"url\":\"https:\/\/www.padabam.de\/\",\"logo\":{\"@type\":\"ImageObject\",\"inLanguage\":\"de\",\"@id\":\"https:\/\/www.padabam.de\/#\/schema\/logo\/image\/\",\"url\":\"https:\/\/www.padabam.de\/1338\/wp-content\/uploads\/2021\/05\/Pferdelogo2.gif\",\"contentUrl\":\"https:\/\/www.padabam.de\/1338\/wp-content\/uploads\/2021\/05\/Pferdelogo2.gif\",\"width\":147,\"height\":137,\"caption\":\"Padabam\"},\"image\":{\"@id\":\"https:\/\/www.padabam.de\/#\/schema\/logo\/image\/\"}}]}<\/script>\n<!-- \/ Yoast SEO plugin. -->","yoast_head_json":{"title":"Padabam - das Hufproblem","description":"Qualifizierte Huforthop\u00e4dische und Osteopathische Behandlung f\u00fcr Pferde f\u00fcr die Regionen F\u00fcrstenfeldbruck, Aichach-Friedberg, Augsburg, Freising, Landsberg a. Lech, M\u00fcnchen, Neuburg-Schrobenhausen, Pfaffenhofen a. d. Ilm, Starnberg, Ebersberg, Erding, Dillingen a. d. Donau, Donau Ries und das Allg\u00e4u.","robots":{"index":"index","follow":"follow","max-snippet":"max-snippet:-1","max-image-preview":"max-image-preview:large","max-video-preview":"max-video-preview:-1"},"canonical":"https:\/\/www.padabam.de\/index.php\/das-hufproblem\/","og_locale":"de_DE","og_type":"article","og_title":"Padabam - das Hufproblem","og_description":"Qualifizierte Huforthop\u00e4dische und Osteopathische Behandlung f\u00fcr Pferde f\u00fcr die Regionen F\u00fcrstenfeldbruck, Aichach-Friedberg, Augsburg, Freising, Landsberg a. Lech, M\u00fcnchen, Neuburg-Schrobenhausen, Pfaffenhofen a. d. Ilm, Starnberg, Ebersberg, Erding, Dillingen a. d. Donau, Donau Ries und das Allg\u00e4u.","og_url":"https:\/\/www.padabam.de\/index.php\/das-hufproblem\/","og_site_name":"Padabam","article_modified_time":"2021-05-15T22:27:54+00:00","og_image":[{"url":"http:\/\/www.padabam.de\/1338\/wp-content\/uploads\/2021\/05\/c6-1024x683.jpg","type":"","width":"","height":""}],"twitter_card":"summary_large_image","twitter_misc":{"Gesch\u00e4tzte Lesezeit":"1\u00a0Minute"},"schema":{"@context":"https:\/\/schema.org","@graph":[{"@type":"WebPage","@id":"https:\/\/www.padabam.de\/index.php\/das-hufproblem\/","url":"https:\/\/www.padabam.de\/index.php\/das-hufproblem\/","name":"Padabam - das Hufproblem","isPartOf":{"@id":"https:\/\/www.padabam.de\/#website"},"primaryImageOfPage":{"@id":"https:\/\/www.padabam.de\/index.php\/das-hufproblem\/#primaryimage"},"image":{"@id":"https:\/\/www.padabam.de\/index.php\/das-hufproblem\/#primaryimage"},"thumbnailUrl":"http:\/\/www.padabam.de\/1338\/wp-content\/uploads\/2021\/05\/c6-1024x683.jpg","datePublished":"2020-09-17T05:20:30+00:00","dateModified":"2021-05-15T22:27:54+00:00","description":"Qualifizierte Huforthop\u00e4dische und Osteopathische Behandlung f\u00fcr Pferde f\u00fcr die Regionen F\u00fcrstenfeldbruck, Aichach-Friedberg, Augsburg, Freising, Landsberg a. Lech, M\u00fcnchen, Neuburg-Schrobenhausen, Pfaffenhofen a. d. Ilm, Starnberg, Ebersberg, Erding, Dillingen a. d. Donau, Donau Ries und das Allg\u00e4u.","breadcrumb":{"@id":"https:\/\/www.padabam.de\/index.php\/das-hufproblem\/#breadcrumb"},"inLanguage":"de","potentialAction":[{"@type":"ReadAction","target":["https:\/\/www.padabam.de\/index.php\/das-hufproblem\/"]}]},{"@type":"ImageObject","inLanguage":"de","@id":"https:\/\/www.padabam.de\/index.php\/das-hufproblem\/#primaryimage","url":"http:\/\/www.padabam.de\/1338\/wp-content\/uploads\/2021\/05\/c6-1024x683.jpg","contentUrl":"http:\/\/www.padabam.de\/1338\/wp-content\/uploads\/2021\/05\/c6-1024x683.jpg"},{"@type":"BreadcrumbList","@id":"https:\/\/www.padabam.de\/index.php\/das-hufproblem\/#breadcrumb","itemListElement":[{"@type":"ListItem","position":1,"name":"Startseite","item":"https:\/\/www.padabam.de\/"},{"@type":"ListItem","position":2,"name":"das Hufproblem"}]},{"@type":"WebSite","@id":"https:\/\/www.padabam.de\/#website","url":"https:\/\/www.padabam.de\/","name":"Padabam","description":"Huforthop\u00e4die &amp; Osteopathie f\u00fcr Pferde","publisher":{"@id":"https:\/\/www.padabam.de\/#organization"},"potentialAction":[{"@type":"SearchAction","target":{"@type":"EntryPoint","urlTemplate":"https:\/\/www.padabam.de\/?s={search_term_string}"},"query-input":{"@type":"PropertyValueSpecification","valueRequired":true,"valueName":"search_term_string"}}],"inLanguage":"de"},{"@type":"Organization","@id":"https:\/\/www.padabam.de\/#organization","name":"Padabam","url":"https:\/\/www.padabam.de\/","logo":{"@type":"ImageObject","inLanguage":"de","@id":"https:\/\/www.padabam.de\/#\/schema\/logo\/image\/","url":"https:\/\/www.padabam.de\/1338\/wp-content\/uploads\/2021\/05\/Pferdelogo2.gif","contentUrl":"https:\/\/www.padabam.de\/1338\/wp-content\/uploads\/2021\/05\/Pferdelogo2.gif","width":147,"height":137,"caption":"Padabam"},"image":{"@id":"https:\/\/www.padabam.de\/#\/schema\/logo\/image\/"}}]}},"_links":{"self":[{"href":"https:\/\/www.padabam.de\/index.php\/wp-json\/wp\/v2\/pages\/1368","targetHints":{"allow":["GET"]}}],"collection":[{"href":"https:\/\/www.padabam.de\/index.php\/wp-json\/wp\/v2\/pages"}],"about":[{"href":"https:\/\/www.padabam.de\/index.php\/wp-json\/wp\/v2\/types\/page"}],"author":[{"embeddable":true,"href":"https:\/\/www.padabam.de\/index.php\/wp-json\/wp\/v2\/users\/1"}],"replies":[{"embeddable":true,"href":"https:\/\/www.padabam.de\/index.php\/wp-json\/wp\/v2\/comments?post=1368"}],"version-history":[{"count":8,"href":"https:\/\/www.padabam.de\/index.php\/wp-json\/wp\/v2\/pages\/1368\/revisions"}],"predecessor-version":[{"id":1681,"href":"https:\/\/www.padabam.de\/index.php\/wp-json\/wp\/v2\/pages\/1368\/revisions\/1681"}],"wp:attachment":[{"href":"https:\/\/www.padabam.de\/index.php\/wp-json\/wp\/v2\/media?parent=1368"}],"curies":[{"name":"wp","href":"https:\/\/api.w.org\/{rel}","templated":true}]}}