{"id":1370,"date":"2020-09-17T07:29:42","date_gmt":"2020-09-17T05:29:42","guid":{"rendered":"http:\/\/www.padabam.de\/1338\/index.php\/books\/"},"modified":"2021-05-16T00:25:04","modified_gmt":"2021-05-15T22:25:04","slug":"osteopathie","status":"publish","type":"page","link":"https:\/\/www.padabam.de\/index.php\/osteopathie\/","title":{"rendered":"Osteopathie"},"content":{"rendered":"\n<div class=\"wp-block-group alignfull has-white-background-color has-background is-layout-flow wp-block-group-is-layout-flow\"><div class=\"wp-block-group__inner-container\">\n<h1 class=\"wp-block-heading\" style=\"font-size:38px\">Osteopathie<\/h1>\n<\/div><\/div>\n\n\n\n<div class=\"wp-block-group alignfull has-background is-layout-flow wp-block-group-is-layout-flow\" style=\"background-color:#fafafa\"><div class=\"wp-block-group__inner-container\">\n<div class=\"wp-block-media-text alignwide is-vertically-aligned-center is-image-fill is-stacked-on-mobile\" style=\"grid-template-columns:29% auto\"><figure class=\"wp-block-media-text__media\" style=\"background-image:url(https:\/\/www.padabam.de\/1338\/wp-content\/uploads\/2021\/05\/c7a-1024x683.jpg);background-position:42% 65%\"><img loading=\"lazy\" decoding=\"async\" width=\"1024\" height=\"683\" src=\"https:\/\/www.padabam.de\/1338\/wp-content\/uploads\/2021\/05\/c7a-1024x683.jpg\" alt=\"\" class=\"wp-image-1639 size-full\" srcset=\"https:\/\/www.padabam.de\/1338\/wp-content\/uploads\/2021\/05\/c7a-1024x683.jpg 1024w, https:\/\/www.padabam.de\/1338\/wp-content\/uploads\/2021\/05\/c7a-300x200.jpg 300w, https:\/\/www.padabam.de\/1338\/wp-content\/uploads\/2021\/05\/c7a-768x512.jpg 768w, https:\/\/www.padabam.de\/1338\/wp-content\/uploads\/2021\/05\/c7a-1536x1024.jpg 1536w, https:\/\/www.padabam.de\/1338\/wp-content\/uploads\/2021\/05\/c7a-2048x1365.jpg 2048w\" sizes=\"auto, (max-width: 1024px) 100vw, 1024px\" \/><\/figure><div class=\"wp-block-media-text__content\">\n<p class=\"wp-block-paragraph\"><strong>Was ist Osteopathie?<\/strong><\/p>\n\n\n\n<p class=\"wp-block-paragraph\">Schon im Jahr 1874 wurde diese Behandlungsmethode vom amerikanischen Arzt Dr. Andrew Tayler Still f\u00fcr den Menschen begr\u00fcndet. Sp\u00e4ter \u00fcbertrug man sie auf das Pferd. Osteopathie ist also nicht neu. Der K\u00f6rper wird dabei als Einheit verstanden, in welcher alle Strukturen (Muskeln, Sehnen, B\u00e4nder, Fascien und Knochen) und Funktionen miteinander verkn\u00fcpft sind. Wenn eine Stelle gest\u00f6rt ist, kann sich dies auf den gesamten Organismus auswirken.<br><br>Da Haltungs- und Bewegungssystem mit allen wichtigen Funktionskreisen des K\u00f6rpers eng verbunden sind, zeigt die osteopathische Behandlung auch Wirkung auf Atmung, Herz-Kreislauf, Stoffwechsel und Psyche. Der Osteopath tastet den gesamten K\u00f6rper ab und pr\u00fcft die Beweglichkeit jedes Gelenks und der Gewebe um seinen Behandlungsplan zu erstellen. Wichtig daf\u00fcr sind umfassende Kenntnisse der Anatomie, Physiologie, Pathologie und der Biomechanik.<br><br>Blockaden werden dann mit sanften Methoden gel\u00f6st. Dabei ist es absolut unn\u00f6tig Schmerzen zu verursachen, das Pferd aus dem Gleichgewicht zu bringen oder alle Gelenke laut krachen zu lassen!<br><br>Ziel der osteopathischen Behandlung, auch in Verbindung mit einer Meridianmassage, ist es, das gest\u00f6rte Zusammenspiel der unterschiedlichen Systeme auszugleichen, die Selbstheilungskr\u00e4fte des K\u00f6rpers zu aktivieren und ihn so wieder ins Gleichgewicht zu bringen.<\/p>\n\n\n\n<p class=\"wp-block-paragraph\"><\/p>\n\n\n\n<div class=\"wp-block-buttons is-layout-flex wp-block-buttons-is-layout-flex\">\n<div class=\"wp-block-button\"><a class=\"wp-block-button__link\" href=\"https:\/\/www.padabam.de\/index.php\/kontakt\/\">Kontakt<\/a><\/div>\n<\/div>\n<\/div><\/div>\n<\/div><\/div>\n\n\n\n<div class=\"wp-block-group alignfull has-background is-layout-flow wp-block-group-is-layout-flow\" style=\"background-color:#e6f2ea\"><div class=\"wp-block-group__inner-container\">\n<p class=\"wp-block-paragraph\"><strong>Wann Osteopathie?<\/strong><\/p>\n\n\n\n<p class=\"wp-block-paragraph\">In der Zusammenarbeit der unterschiedlichen Systeme des K\u00f6rpers k\u00f6nnen kleine Verspannungen, Verklebungen oder Blockaden, von denen der Reiter h\u00e4ufig erst einmal gar nichts merkt, sp\u00e4ter zu gr\u00f6\u00dferen Problemen f\u00fchren, welche aus der Schonhaltung resultieren, die das Pferd einnimmt.<br>Daher ist es sinnvoll das Tier regelm\u00e4\u00dfig vorbeugend behandeln zu lassen, um gr\u00f6\u00dfere Beeintr\u00e4chtigungen von vornherein zu vermeiden.<br>Ansonsten kann eine osteopathische Behandlung helfen bei<\/p>\n\n\n\n<p class=\"wp-block-paragraph\">&#8211; andauernder Steifheit<br>&#8211; h\u00e4ufiger Widersetzlichkeit bei der Arbeit<br>&#8211; schlechter Kopf-, Hals- oder Schweifhaltung<br>&#8211; allgemeinem Leistungstief<br>&#8211; unterschiedlichen Lahmheiten und Taktfehlern<br>&#8211; Schmerzanzeichen bei oder nach dem Arbeiten<br>&#8211; starker H\u00e4ndigkeit<br>&#8211; Problemen ein oder mehrere Beine aufzuheben<br>&#8211; nach Unfall oder Sturz, auch ohne sichtbare Ver\u00e4nderungen<br>&#8211; nach Verletzungen<br>&#8211; nach Komplikationen beim Abfohlen<br>&#8211; nach l\u00e4ngerer (Verletzungs-)Pause <\/p>\n\n\n\n<p class=\"wp-block-paragraph\">Um optimale Ergebnisse zu erzielen, ist eine Zusammenarbeit mit Tierarzt, Dentist, Hufbearbeiter, Sattler und Reiter w\u00fcnschenswert.<\/p>\n\n\n\n<p class=\"wp-block-paragraph\"><\/p>\n\n\n\n<div class=\"wp-block-buttons is-layout-flex wp-block-buttons-is-layout-flex\">\n<div class=\"wp-block-button\"><a class=\"wp-block-button__link\" href=\"https:\/\/www.padabam.de\/index.php\/kontakt\/\">Kontakt<\/a><\/div>\n<\/div>\n<\/div><\/div>\n\n\n\n<div class=\"wp-block-group alignfull has-white-background-color has-background is-layout-flow wp-block-group-is-layout-flow\"><div class=\"wp-block-group__inner-container\">\n<p class=\"wp-block-paragraph\"><\/p>\n\n\n\n<p class=\"wp-block-paragraph\"><\/p>\n\n\n\n<p class=\"wp-block-paragraph\"><\/p>\n<\/div><\/div>\n","protected":false},"excerpt":{"rendered":"<p>Osteopathie Was ist Osteopathie? Schon im Jahr 1874 wurde diese Behandlungsmethode vom amerikanischen Arzt Dr. Andrew Tayler Still f\u00fcr den Menschen begr\u00fcndet. Sp\u00e4ter \u00fcbertrug man sie auf das Pferd. Osteopathie ist also nicht neu. Der K\u00f6rper wird dabei als Einheit verstanden, in welcher alle Strukturen (Muskeln, Sehnen, B\u00e4nder, Fascien und Knochen) und Funktionen miteinander verkn\u00fcpft [&hellip;]<\/p>\n","protected":false},"author":1,"featured_media":0,"parent":0,"menu_order":0,"comment_status":"closed","ping_status":"closed","template":"","meta":{"_crdt_document":"","site-sidebar-layout":"no-sidebar","site-content-layout":"plain-container","ast-site-content-layout":"default","site-content-style":"default","site-sidebar-style":"default","ast-global-header-display":"","ast-banner-title-visibility":"","ast-main-header-display":"","ast-hfb-above-header-display":"","ast-hfb-below-header-display":"","ast-hfb-mobile-header-display":"","site-post-title":"disabled","ast-breadcrumbs-content":"","ast-featured-img":"disabled","footer-sml-layout":"","ast-disable-related-posts":"","theme-transparent-header-meta":"default","adv-header-id-meta":"","stick-header-meta":"","header-above-stick-meta":"","header-main-stick-meta":"","header-below-stick-meta":"","astra-migrate-meta-layouts":"default","ast-page-background-enabled":"default","ast-page-background-meta":{"desktop":{"background-color":"","background-image":"","background-repeat":"repeat","background-position":"center center","background-size":"auto","background-attachment":"scroll","background-type":"","background-media":"","overlay-type":"","overlay-color":"","overlay-opacity":"","overlay-gradient":""},"tablet":{"background-color":"","background-image":"","background-repeat":"repeat","background-position":"center center","background-size":"auto","background-attachment":"scroll","background-type":"","background-media":"","overlay-type":"","overlay-color":"","overlay-opacity":"","overlay-gradient":""},"mobile":{"background-color":"","background-image":"","background-repeat":"repeat","background-position":"center center","background-size":"auto","background-attachment":"scroll","background-type":"","background-media":"","overlay-type":"","overlay-color":"","overlay-opacity":"","overlay-gradient":""}},"ast-content-background-meta":{"desktop":{"background-color":"var(--ast-global-color-5)","background-image":"","background-repeat":"repeat","background-position":"center center","background-size":"auto","background-attachment":"scroll","background-type":"","background-media":"","overlay-type":"","overlay-color":"","overlay-opacity":"","overlay-gradient":""},"tablet":{"background-color":"var(--ast-global-color-5)","background-image":"","background-repeat":"repeat","background-position":"center center","background-size":"auto","background-attachment":"scroll","background-type":"","background-media":"","overlay-type":"","overlay-color":"","overlay-opacity":"","overlay-gradient":""},"mobile":{"background-color":"var(--ast-global-color-5)","background-image":"","background-repeat":"repeat","background-position":"center center","background-size":"auto","background-attachment":"scroll","background-type":"","background-media":"","overlay-type":"","overlay-color":"","overlay-opacity":"","overlay-gradient":""}},"footnotes":""},"class_list":["post-1370","page","type-page","status-publish","hentry"],"yoast_head":"<!-- This site is optimized with the Yoast SEO plugin v27.1.1 - https:\/\/yoast.com\/product\/yoast-seo-wordpress\/ -->\n<title>Padabam - Osteopathie<\/title>\n<meta name=\"description\" content=\"Qualifizierte Huforthop\u00e4dische und Osteopathische Behandlung f\u00fcr Pferde f\u00fcr die Regionen F\u00fcrstenfeldbruck, Aichach-Friedberg, Augsburg, Freising, Landsberg a. Lech, M\u00fcnchen, Neuburg-Schrobenhausen, Pfaffenhofen a. d. Ilm, Starnberg, Ebersberg, Erding, Dillingen a. d. Donau, Donau Ries und das Allg\u00e4u.\" \/>\n<meta name=\"robots\" content=\"index, follow, max-snippet:-1, max-image-preview:large, max-video-preview:-1\" \/>\n<link rel=\"canonical\" href=\"https:\/\/www.padabam.de\/index.php\/osteopathie\/\" \/>\n<meta property=\"og:locale\" content=\"de_DE\" \/>\n<meta property=\"og:type\" content=\"article\" \/>\n<meta property=\"og:title\" content=\"Padabam - Osteopathie\" \/>\n<meta property=\"og:description\" content=\"Qualifizierte Huforthop\u00e4dische und Osteopathische Behandlung f\u00fcr Pferde f\u00fcr die Regionen F\u00fcrstenfeldbruck, Aichach-Friedberg, Augsburg, Freising, Landsberg a. Lech, M\u00fcnchen, Neuburg-Schrobenhausen, Pfaffenhofen a. d. Ilm, Starnberg, Ebersberg, Erding, Dillingen a. d. Donau, Donau Ries und das Allg\u00e4u.\" \/>\n<meta property=\"og:url\" content=\"https:\/\/www.padabam.de\/index.php\/osteopathie\/\" \/>\n<meta property=\"og:site_name\" content=\"Padabam\" \/>\n<meta property=\"article:modified_time\" content=\"2021-05-15T22:25:04+00:00\" \/>\n<meta property=\"og:image\" content=\"http:\/\/www.padabam.de\/1338\/wp-content\/uploads\/2021\/05\/c7a-1024x683.jpg\" \/>\n<meta name=\"twitter:card\" content=\"summary_large_image\" \/>\n<meta name=\"twitter:label1\" content=\"Gesch\u00e4tzte Lesezeit\" \/>\n\t<meta name=\"twitter:data1\" content=\"2\u00a0Minuten\" \/>\n<script type=\"application\/ld+json\" class=\"yoast-schema-graph\">{\"@context\":\"https:\/\/schema.org\",\"@graph\":[{\"@type\":\"WebPage\",\"@id\":\"https:\/\/www.padabam.de\/index.php\/osteopathie\/\",\"url\":\"https:\/\/www.padabam.de\/index.php\/osteopathie\/\",\"name\":\"Padabam - Osteopathie\",\"isPartOf\":{\"@id\":\"https:\/\/www.padabam.de\/#website\"},\"primaryImageOfPage\":{\"@id\":\"https:\/\/www.padabam.de\/index.php\/osteopathie\/#primaryimage\"},\"image\":{\"@id\":\"https:\/\/www.padabam.de\/index.php\/osteopathie\/#primaryimage\"},\"thumbnailUrl\":\"http:\/\/www.padabam.de\/1338\/wp-content\/uploads\/2021\/05\/c7a-1024x683.jpg\",\"datePublished\":\"2020-09-17T05:29:42+00:00\",\"dateModified\":\"2021-05-15T22:25:04+00:00\",\"description\":\"Qualifizierte Huforthop\u00e4dische und Osteopathische Behandlung f\u00fcr Pferde f\u00fcr die Regionen F\u00fcrstenfeldbruck, Aichach-Friedberg, Augsburg, Freising, Landsberg a. Lech, M\u00fcnchen, Neuburg-Schrobenhausen, Pfaffenhofen a. d. Ilm, Starnberg, Ebersberg, Erding, Dillingen a. d. Donau, Donau Ries und das Allg\u00e4u.\",\"breadcrumb\":{\"@id\":\"https:\/\/www.padabam.de\/index.php\/osteopathie\/#breadcrumb\"},\"inLanguage\":\"de\",\"potentialAction\":[{\"@type\":\"ReadAction\",\"target\":[\"https:\/\/www.padabam.de\/index.php\/osteopathie\/\"]}]},{\"@type\":\"ImageObject\",\"inLanguage\":\"de\",\"@id\":\"https:\/\/www.padabam.de\/index.php\/osteopathie\/#primaryimage\",\"url\":\"http:\/\/www.padabam.de\/1338\/wp-content\/uploads\/2021\/05\/c7a-1024x683.jpg\",\"contentUrl\":\"http:\/\/www.padabam.de\/1338\/wp-content\/uploads\/2021\/05\/c7a-1024x683.jpg\"},{\"@type\":\"BreadcrumbList\",\"@id\":\"https:\/\/www.padabam.de\/index.php\/osteopathie\/#breadcrumb\",\"itemListElement\":[{\"@type\":\"ListItem\",\"position\":1,\"name\":\"Startseite\",\"item\":\"https:\/\/www.padabam.de\/\"},{\"@type\":\"ListItem\",\"position\":2,\"name\":\"Osteopathie\"}]},{\"@type\":\"WebSite\",\"@id\":\"https:\/\/www.padabam.de\/#website\",\"url\":\"https:\/\/www.padabam.de\/\",\"name\":\"Padabam\",\"description\":\"Huforthop\u00e4die &amp; Osteopathie f\u00fcr Pferde\",\"publisher\":{\"@id\":\"https:\/\/www.padabam.de\/#organization\"},\"potentialAction\":[{\"@type\":\"SearchAction\",\"target\":{\"@type\":\"EntryPoint\",\"urlTemplate\":\"https:\/\/www.padabam.de\/?s={search_term_string}\"},\"query-input\":{\"@type\":\"PropertyValueSpecification\",\"valueRequired\":true,\"valueName\":\"search_term_string\"}}],\"inLanguage\":\"de\"},{\"@type\":\"Organization\",\"@id\":\"https:\/\/www.padabam.de\/#organization\",\"name\":\"Padabam\",\"url\":\"https:\/\/www.padabam.de\/\",\"logo\":{\"@type\":\"ImageObject\",\"inLanguage\":\"de\",\"@id\":\"https:\/\/www.padabam.de\/#\/schema\/logo\/image\/\",\"url\":\"https:\/\/www.padabam.de\/1338\/wp-content\/uploads\/2021\/05\/Pferdelogo2.gif\",\"contentUrl\":\"https:\/\/www.padabam.de\/1338\/wp-content\/uploads\/2021\/05\/Pferdelogo2.gif\",\"width\":147,\"height\":137,\"caption\":\"Padabam\"},\"image\":{\"@id\":\"https:\/\/www.padabam.de\/#\/schema\/logo\/image\/\"}}]}<\/script>\n<!-- \/ Yoast SEO plugin. -->","yoast_head_json":{"title":"Padabam - Osteopathie","description":"Qualifizierte Huforthop\u00e4dische und Osteopathische Behandlung f\u00fcr Pferde f\u00fcr die Regionen F\u00fcrstenfeldbruck, Aichach-Friedberg, Augsburg, Freising, Landsberg a. Lech, M\u00fcnchen, Neuburg-Schrobenhausen, Pfaffenhofen a. d. Ilm, Starnberg, Ebersberg, Erding, Dillingen a. d. Donau, Donau Ries und das Allg\u00e4u.","robots":{"index":"index","follow":"follow","max-snippet":"max-snippet:-1","max-image-preview":"max-image-preview:large","max-video-preview":"max-video-preview:-1"},"canonical":"https:\/\/www.padabam.de\/index.php\/osteopathie\/","og_locale":"de_DE","og_type":"article","og_title":"Padabam - Osteopathie","og_description":"Qualifizierte Huforthop\u00e4dische und Osteopathische Behandlung f\u00fcr Pferde f\u00fcr die Regionen F\u00fcrstenfeldbruck, Aichach-Friedberg, Augsburg, Freising, Landsberg a. Lech, M\u00fcnchen, Neuburg-Schrobenhausen, Pfaffenhofen a. d. Ilm, Starnberg, Ebersberg, Erding, Dillingen a. d. Donau, Donau Ries und das Allg\u00e4u.","og_url":"https:\/\/www.padabam.de\/index.php\/osteopathie\/","og_site_name":"Padabam","article_modified_time":"2021-05-15T22:25:04+00:00","og_image":[{"url":"http:\/\/www.padabam.de\/1338\/wp-content\/uploads\/2021\/05\/c7a-1024x683.jpg","type":"","width":"","height":""}],"twitter_card":"summary_large_image","twitter_misc":{"Gesch\u00e4tzte Lesezeit":"2\u00a0Minuten"},"schema":{"@context":"https:\/\/schema.org","@graph":[{"@type":"WebPage","@id":"https:\/\/www.padabam.de\/index.php\/osteopathie\/","url":"https:\/\/www.padabam.de\/index.php\/osteopathie\/","name":"Padabam - Osteopathie","isPartOf":{"@id":"https:\/\/www.padabam.de\/#website"},"primaryImageOfPage":{"@id":"https:\/\/www.padabam.de\/index.php\/osteopathie\/#primaryimage"},"image":{"@id":"https:\/\/www.padabam.de\/index.php\/osteopathie\/#primaryimage"},"thumbnailUrl":"http:\/\/www.padabam.de\/1338\/wp-content\/uploads\/2021\/05\/c7a-1024x683.jpg","datePublished":"2020-09-17T05:29:42+00:00","dateModified":"2021-05-15T22:25:04+00:00","description":"Qualifizierte Huforthop\u00e4dische und Osteopathische Behandlung f\u00fcr Pferde f\u00fcr die Regionen F\u00fcrstenfeldbruck, Aichach-Friedberg, Augsburg, Freising, Landsberg a. Lech, M\u00fcnchen, Neuburg-Schrobenhausen, Pfaffenhofen a. d. Ilm, Starnberg, Ebersberg, Erding, Dillingen a. d. Donau, Donau Ries und das Allg\u00e4u.","breadcrumb":{"@id":"https:\/\/www.padabam.de\/index.php\/osteopathie\/#breadcrumb"},"inLanguage":"de","potentialAction":[{"@type":"ReadAction","target":["https:\/\/www.padabam.de\/index.php\/osteopathie\/"]}]},{"@type":"ImageObject","inLanguage":"de","@id":"https:\/\/www.padabam.de\/index.php\/osteopathie\/#primaryimage","url":"http:\/\/www.padabam.de\/1338\/wp-content\/uploads\/2021\/05\/c7a-1024x683.jpg","contentUrl":"http:\/\/www.padabam.de\/1338\/wp-content\/uploads\/2021\/05\/c7a-1024x683.jpg"},{"@type":"BreadcrumbList","@id":"https:\/\/www.padabam.de\/index.php\/osteopathie\/#breadcrumb","itemListElement":[{"@type":"ListItem","position":1,"name":"Startseite","item":"https:\/\/www.padabam.de\/"},{"@type":"ListItem","position":2,"name":"Osteopathie"}]},{"@type":"WebSite","@id":"https:\/\/www.padabam.de\/#website","url":"https:\/\/www.padabam.de\/","name":"Padabam","description":"Huforthop\u00e4die &amp; Osteopathie f\u00fcr Pferde","publisher":{"@id":"https:\/\/www.padabam.de\/#organization"},"potentialAction":[{"@type":"SearchAction","target":{"@type":"EntryPoint","urlTemplate":"https:\/\/www.padabam.de\/?s={search_term_string}"},"query-input":{"@type":"PropertyValueSpecification","valueRequired":true,"valueName":"search_term_string"}}],"inLanguage":"de"},{"@type":"Organization","@id":"https:\/\/www.padabam.de\/#organization","name":"Padabam","url":"https:\/\/www.padabam.de\/","logo":{"@type":"ImageObject","inLanguage":"de","@id":"https:\/\/www.padabam.de\/#\/schema\/logo\/image\/","url":"https:\/\/www.padabam.de\/1338\/wp-content\/uploads\/2021\/05\/Pferdelogo2.gif","contentUrl":"https:\/\/www.padabam.de\/1338\/wp-content\/uploads\/2021\/05\/Pferdelogo2.gif","width":147,"height":137,"caption":"Padabam"},"image":{"@id":"https:\/\/www.padabam.de\/#\/schema\/logo\/image\/"}}]}},"_links":{"self":[{"href":"https:\/\/www.padabam.de\/index.php\/wp-json\/wp\/v2\/pages\/1370","targetHints":{"allow":["GET"]}}],"collection":[{"href":"https:\/\/www.padabam.de\/index.php\/wp-json\/wp\/v2\/pages"}],"about":[{"href":"https:\/\/www.padabam.de\/index.php\/wp-json\/wp\/v2\/types\/page"}],"author":[{"embeddable":true,"href":"https:\/\/www.padabam.de\/index.php\/wp-json\/wp\/v2\/users\/1"}],"replies":[{"embeddable":true,"href":"https:\/\/www.padabam.de\/index.php\/wp-json\/wp\/v2\/comments?post=1370"}],"version-history":[{"count":7,"href":"https:\/\/www.padabam.de\/index.php\/wp-json\/wp\/v2\/pages\/1370\/revisions"}],"predecessor-version":[{"id":1685,"href":"https:\/\/www.padabam.de\/index.php\/wp-json\/wp\/v2\/pages\/1370\/revisions\/1685"}],"wp:attachment":[{"href":"https:\/\/www.padabam.de\/index.php\/wp-json\/wp\/v2\/media?parent=1370"}],"curies":[{"name":"wp","href":"https:\/\/api.w.org\/{rel}","templated":true}]}}