{"id":1374,"date":"2020-09-17T07:30:24","date_gmt":"2020-09-17T05:30:24","guid":{"rendered":"http:\/\/www.padabam.de\/1338\/index.php\/work-with-me\/"},"modified":"2021-05-16T00:26:59","modified_gmt":"2021-05-15T22:26:59","slug":"huforthopaedie","status":"publish","type":"page","link":"https:\/\/www.padabam.de\/index.php\/huforthopaedie\/","title":{"rendered":"Huforthop\u00e4die"},"content":{"rendered":"\n<div class=\"wp-block-group alignfull has-white-background-color has-background is-layout-flow wp-block-group-is-layout-flow\"><div class=\"wp-block-group__inner-container\">\n<h1 class=\"wp-block-heading\" style=\"font-size:38px\">Huforthop\u00e4die<\/h1>\n<\/div><\/div>\n\n\n\n<div class=\"wp-block-group alignfull has-background is-layout-flow wp-block-group-is-layout-flow\" style=\"background-color:#fafafa\"><div class=\"wp-block-group__inner-container\">\n<div class=\"wp-block-media-text alignwide is-vertically-aligned-center is-image-fill is-stacked-on-mobile\" style=\"grid-template-columns:29% auto\"><figure class=\"wp-block-media-text__media\" style=\"background-image:url(https:\/\/www.padabam.de\/1338\/wp-content\/uploads\/2021\/05\/J5-683x1024.jpg);background-position:50% 50%\"><img loading=\"lazy\" decoding=\"async\" width=\"683\" height=\"1024\" src=\"https:\/\/www.padabam.de\/1338\/wp-content\/uploads\/2021\/05\/J5-683x1024.jpg\" alt=\"\" class=\"wp-image-1643 size-full\" srcset=\"https:\/\/www.padabam.de\/1338\/wp-content\/uploads\/2021\/05\/J5-683x1024.jpg 683w, https:\/\/www.padabam.de\/1338\/wp-content\/uploads\/2021\/05\/J5-200x300.jpg 200w, https:\/\/www.padabam.de\/1338\/wp-content\/uploads\/2021\/05\/J5-768x1152.jpg 768w, https:\/\/www.padabam.de\/1338\/wp-content\/uploads\/2021\/05\/J5-1024x1536.jpg 1024w, https:\/\/www.padabam.de\/1338\/wp-content\/uploads\/2021\/05\/J5-1365x2048.jpg 1365w, https:\/\/www.padabam.de\/1338\/wp-content\/uploads\/2021\/05\/J5-scaled.jpg 1707w\" sizes=\"auto, (max-width: 683px) 100vw, 683px\" \/><\/figure><div class=\"wp-block-media-text__content\">\n<p class=\"wp-block-paragraph\"><strong>Was ist eigentlich Huforthop\u00e4die?<\/strong><\/p>\n\n\n\n<p class=\"wp-block-paragraph\">Praktizierte Huforthop\u00e4die hei\u00dft <strong>werden lassen<\/strong>. Durch Nutzung eben jener Kr\u00e4fte, die den Huf t\u00e4glich formen und verformen, ist es m\u00f6glich, vorbeugend den Hornabrieb zu steuern. Ung\u00fcnstige Hebel am Huf werden ausgeschaltet, g\u00fcnstige hergestellt. Negative&nbsp; Wirkungen des Bodengegendrucks werden minimiert, positive aktiviert.<br>Dadurch kann auf abrupte Stellungsmanipulationen verzichtet werden.<br>Huforthop\u00e4dische Arbeit schafft jeweils von neuem die Ausgangsbedingungen f\u00fcr eine langsame R\u00fcckf\u00fchrung in eine physiologische Hufform.<\/p>\n\n\n\n<p class=\"wp-block-paragraph\">Diese Bearbeitung ist eine vorausschauende (nicht nachtr\u00e4gliche) und schonende (nicht zus\u00e4tzliche Sch\u00e4den provozierende) Bearbeitung und damit die beste Pr\u00e4vention vor Lahmheiten.<\/p>\n\n\n\n<p class=\"wp-block-paragraph\">Die huforthop\u00e4dische Nutzung der Formkr\u00e4fte setzt einen Barhuf voraus.<br>Wobei nichts gegen einen Abriebschutz an einem physiologisch geformten Huf spricht.<\/p>\n\n\n\n<p class=\"wp-block-paragraph\"><\/p>\n\n\n\n<div class=\"wp-block-buttons is-layout-flex wp-block-buttons-is-layout-flex\">\n<div class=\"wp-block-button\"><a class=\"wp-block-button__link\" href=\"https:\/\/www.padabam.de\/index.php\/kontakt\/\">Kontakt<\/a><\/div>\n<\/div>\n<\/div><\/div>\n<\/div><\/div>\n\n\n\n<div class=\"wp-block-group alignfull has-white-background-color has-background is-layout-flow wp-block-group-is-layout-flow\"><div class=\"wp-block-group__inner-container\"><\/div><\/div>\n","protected":false},"excerpt":{"rendered":"<p>Huforthop\u00e4die Was ist eigentlich Huforthop\u00e4die? Praktizierte Huforthop\u00e4die hei\u00dft werden lassen. Durch Nutzung eben jener Kr\u00e4fte, die den Huf t\u00e4glich formen und verformen, ist es m\u00f6glich, vorbeugend den Hornabrieb zu steuern. Ung\u00fcnstige Hebel am Huf werden ausgeschaltet, g\u00fcnstige hergestellt. Negative&nbsp; Wirkungen des Bodengegendrucks werden minimiert, positive aktiviert.Dadurch kann auf abrupte Stellungsmanipulationen verzichtet werden.Huforthop\u00e4dische Arbeit schafft jeweils [&hellip;]<\/p>\n","protected":false},"author":1,"featured_media":0,"parent":0,"menu_order":0,"comment_status":"closed","ping_status":"closed","template":"","meta":{"_crdt_document":"","site-sidebar-layout":"no-sidebar","site-content-layout":"plain-container","ast-site-content-layout":"default","site-content-style":"default","site-sidebar-style":"default","ast-global-header-display":"","ast-banner-title-visibility":"","ast-main-header-display":"","ast-hfb-above-header-display":"","ast-hfb-below-header-display":"","ast-hfb-mobile-header-display":"","site-post-title":"disabled","ast-breadcrumbs-content":"","ast-featured-img":"disabled","footer-sml-layout":"","ast-disable-related-posts":"","theme-transparent-header-meta":"default","adv-header-id-meta":"","stick-header-meta":"","header-above-stick-meta":"","header-main-stick-meta":"","header-below-stick-meta":"","astra-migrate-meta-layouts":"default","ast-page-background-enabled":"default","ast-page-background-meta":{"desktop":{"background-color":"","background-image":"","background-repeat":"repeat","background-position":"center center","background-size":"auto","background-attachment":"scroll","background-type":"","background-media":"","overlay-type":"","overlay-color":"","overlay-opacity":"","overlay-gradient":""},"tablet":{"background-color":"","background-image":"","background-repeat":"repeat","background-position":"center center","background-size":"auto","background-attachment":"scroll","background-type":"","background-media":"","overlay-type":"","overlay-color":"","overlay-opacity":"","overlay-gradient":""},"mobile":{"background-color":"","background-image":"","background-repeat":"repeat","background-position":"center center","background-size":"auto","background-attachment":"scroll","background-type":"","background-media":"","overlay-type":"","overlay-color":"","overlay-opacity":"","overlay-gradient":""}},"ast-content-background-meta":{"desktop":{"background-color":"var(--ast-global-color-5)","background-image":"","background-repeat":"repeat","background-position":"center center","background-size":"auto","background-attachment":"scroll","background-type":"","background-media":"","overlay-type":"","overlay-color":"","overlay-opacity":"","overlay-gradient":""},"tablet":{"background-color":"var(--ast-global-color-5)","background-image":"","background-repeat":"repeat","background-position":"center center","background-size":"auto","background-attachment":"scroll","background-type":"","background-media":"","overlay-type":"","overlay-color":"","overlay-opacity":"","overlay-gradient":""},"mobile":{"background-color":"var(--ast-global-color-5)","background-image":"","background-repeat":"repeat","background-position":"center center","background-size":"auto","background-attachment":"scroll","background-type":"","background-media":"","overlay-type":"","overlay-color":"","overlay-opacity":"","overlay-gradient":""}},"footnotes":""},"class_list":["post-1374","page","type-page","status-publish","hentry"],"yoast_head":"<!-- This site is optimized with the Yoast SEO plugin v27.1.1 - https:\/\/yoast.com\/product\/yoast-seo-wordpress\/ -->\n<title>Padabam - Huforthop\u00e4die<\/title>\n<meta name=\"description\" content=\"Qualifizierte Huforthop\u00e4dische und Osteopathische Behandlung f\u00fcr Pferde f\u00fcr die Regionen F\u00fcrstenfeldbruck, Aichach-Friedberg, Augsburg, Freising, Landsberg a. Lech, M\u00fcnchen, Neuburg-Schrobenhausen, Pfaffenhofen a. d. Ilm, Starnberg, Ebersberg, Erding, Dillingen a. d. Donau, Donau Ries und das Allg\u00e4u.\" \/>\n<meta name=\"robots\" content=\"index, follow, max-snippet:-1, max-image-preview:large, max-video-preview:-1\" \/>\n<link rel=\"canonical\" href=\"https:\/\/www.padabam.de\/index.php\/huforthopaedie\/\" \/>\n<meta property=\"og:locale\" content=\"de_DE\" \/>\n<meta property=\"og:type\" content=\"article\" \/>\n<meta property=\"og:title\" content=\"Padabam - Huforthop\u00e4die\" \/>\n<meta property=\"og:description\" content=\"Qualifizierte Huforthop\u00e4dische und Osteopathische Behandlung f\u00fcr Pferde f\u00fcr die Regionen F\u00fcrstenfeldbruck, Aichach-Friedberg, Augsburg, Freising, Landsberg a. Lech, M\u00fcnchen, Neuburg-Schrobenhausen, Pfaffenhofen a. d. Ilm, Starnberg, Ebersberg, Erding, Dillingen a. d. Donau, Donau Ries und das Allg\u00e4u.\" \/>\n<meta property=\"og:url\" content=\"https:\/\/www.padabam.de\/index.php\/huforthopaedie\/\" \/>\n<meta property=\"og:site_name\" content=\"Padabam\" \/>\n<meta property=\"article:modified_time\" content=\"2021-05-15T22:26:59+00:00\" \/>\n<meta property=\"og:image\" content=\"http:\/\/www.padabam.de\/1338\/wp-content\/uploads\/2021\/05\/J5-683x1024.jpg\" \/>\n<meta name=\"twitter:card\" content=\"summary_large_image\" \/>\n<meta name=\"twitter:label1\" content=\"Gesch\u00e4tzte Lesezeit\" \/>\n\t<meta name=\"twitter:data1\" content=\"1\u00a0Minute\" \/>\n<script type=\"application\/ld+json\" class=\"yoast-schema-graph\">{\"@context\":\"https:\/\/schema.org\",\"@graph\":[{\"@type\":\"WebPage\",\"@id\":\"https:\/\/www.padabam.de\/index.php\/huforthopaedie\/\",\"url\":\"https:\/\/www.padabam.de\/index.php\/huforthopaedie\/\",\"name\":\"Padabam - Huforthop\u00e4die\",\"isPartOf\":{\"@id\":\"https:\/\/www.padabam.de\/#website\"},\"primaryImageOfPage\":{\"@id\":\"https:\/\/www.padabam.de\/index.php\/huforthopaedie\/#primaryimage\"},\"image\":{\"@id\":\"https:\/\/www.padabam.de\/index.php\/huforthopaedie\/#primaryimage\"},\"thumbnailUrl\":\"http:\/\/www.padabam.de\/1338\/wp-content\/uploads\/2021\/05\/J5-683x1024.jpg\",\"datePublished\":\"2020-09-17T05:30:24+00:00\",\"dateModified\":\"2021-05-15T22:26:59+00:00\",\"description\":\"Qualifizierte Huforthop\u00e4dische und Osteopathische Behandlung f\u00fcr Pferde f\u00fcr die Regionen F\u00fcrstenfeldbruck, Aichach-Friedberg, Augsburg, Freising, Landsberg a. Lech, M\u00fcnchen, Neuburg-Schrobenhausen, Pfaffenhofen a. d. Ilm, Starnberg, Ebersberg, Erding, Dillingen a. d. Donau, Donau Ries und das Allg\u00e4u.\",\"breadcrumb\":{\"@id\":\"https:\/\/www.padabam.de\/index.php\/huforthopaedie\/#breadcrumb\"},\"inLanguage\":\"de\",\"potentialAction\":[{\"@type\":\"ReadAction\",\"target\":[\"https:\/\/www.padabam.de\/index.php\/huforthopaedie\/\"]}]},{\"@type\":\"ImageObject\",\"inLanguage\":\"de\",\"@id\":\"https:\/\/www.padabam.de\/index.php\/huforthopaedie\/#primaryimage\",\"url\":\"http:\/\/www.padabam.de\/1338\/wp-content\/uploads\/2021\/05\/J5-683x1024.jpg\",\"contentUrl\":\"http:\/\/www.padabam.de\/1338\/wp-content\/uploads\/2021\/05\/J5-683x1024.jpg\"},{\"@type\":\"BreadcrumbList\",\"@id\":\"https:\/\/www.padabam.de\/index.php\/huforthopaedie\/#breadcrumb\",\"itemListElement\":[{\"@type\":\"ListItem\",\"position\":1,\"name\":\"Startseite\",\"item\":\"https:\/\/www.padabam.de\/\"},{\"@type\":\"ListItem\",\"position\":2,\"name\":\"Huforthop\u00e4die\"}]},{\"@type\":\"WebSite\",\"@id\":\"https:\/\/www.padabam.de\/#website\",\"url\":\"https:\/\/www.padabam.de\/\",\"name\":\"Padabam\",\"description\":\"Huforthop\u00e4die &amp; Osteopathie f\u00fcr Pferde\",\"publisher\":{\"@id\":\"https:\/\/www.padabam.de\/#organization\"},\"potentialAction\":[{\"@type\":\"SearchAction\",\"target\":{\"@type\":\"EntryPoint\",\"urlTemplate\":\"https:\/\/www.padabam.de\/?s={search_term_string}\"},\"query-input\":{\"@type\":\"PropertyValueSpecification\",\"valueRequired\":true,\"valueName\":\"search_term_string\"}}],\"inLanguage\":\"de\"},{\"@type\":\"Organization\",\"@id\":\"https:\/\/www.padabam.de\/#organization\",\"name\":\"Padabam\",\"url\":\"https:\/\/www.padabam.de\/\",\"logo\":{\"@type\":\"ImageObject\",\"inLanguage\":\"de\",\"@id\":\"https:\/\/www.padabam.de\/#\/schema\/logo\/image\/\",\"url\":\"https:\/\/www.padabam.de\/1338\/wp-content\/uploads\/2021\/05\/Pferdelogo2.gif\",\"contentUrl\":\"https:\/\/www.padabam.de\/1338\/wp-content\/uploads\/2021\/05\/Pferdelogo2.gif\",\"width\":147,\"height\":137,\"caption\":\"Padabam\"},\"image\":{\"@id\":\"https:\/\/www.padabam.de\/#\/schema\/logo\/image\/\"}}]}<\/script>\n<!-- \/ Yoast SEO plugin. -->","yoast_head_json":{"title":"Padabam - Huforthop\u00e4die","description":"Qualifizierte Huforthop\u00e4dische und Osteopathische Behandlung f\u00fcr Pferde f\u00fcr die Regionen F\u00fcrstenfeldbruck, Aichach-Friedberg, Augsburg, Freising, Landsberg a. Lech, M\u00fcnchen, Neuburg-Schrobenhausen, Pfaffenhofen a. d. Ilm, Starnberg, Ebersberg, Erding, Dillingen a. d. Donau, Donau Ries und das Allg\u00e4u.","robots":{"index":"index","follow":"follow","max-snippet":"max-snippet:-1","max-image-preview":"max-image-preview:large","max-video-preview":"max-video-preview:-1"},"canonical":"https:\/\/www.padabam.de\/index.php\/huforthopaedie\/","og_locale":"de_DE","og_type":"article","og_title":"Padabam - Huforthop\u00e4die","og_description":"Qualifizierte Huforthop\u00e4dische und Osteopathische Behandlung f\u00fcr Pferde f\u00fcr die Regionen F\u00fcrstenfeldbruck, Aichach-Friedberg, Augsburg, Freising, Landsberg a. Lech, M\u00fcnchen, Neuburg-Schrobenhausen, Pfaffenhofen a. d. Ilm, Starnberg, Ebersberg, Erding, Dillingen a. d. Donau, Donau Ries und das Allg\u00e4u.","og_url":"https:\/\/www.padabam.de\/index.php\/huforthopaedie\/","og_site_name":"Padabam","article_modified_time":"2021-05-15T22:26:59+00:00","og_image":[{"url":"http:\/\/www.padabam.de\/1338\/wp-content\/uploads\/2021\/05\/J5-683x1024.jpg","type":"","width":"","height":""}],"twitter_card":"summary_large_image","twitter_misc":{"Gesch\u00e4tzte Lesezeit":"1\u00a0Minute"},"schema":{"@context":"https:\/\/schema.org","@graph":[{"@type":"WebPage","@id":"https:\/\/www.padabam.de\/index.php\/huforthopaedie\/","url":"https:\/\/www.padabam.de\/index.php\/huforthopaedie\/","name":"Padabam - Huforthop\u00e4die","isPartOf":{"@id":"https:\/\/www.padabam.de\/#website"},"primaryImageOfPage":{"@id":"https:\/\/www.padabam.de\/index.php\/huforthopaedie\/#primaryimage"},"image":{"@id":"https:\/\/www.padabam.de\/index.php\/huforthopaedie\/#primaryimage"},"thumbnailUrl":"http:\/\/www.padabam.de\/1338\/wp-content\/uploads\/2021\/05\/J5-683x1024.jpg","datePublished":"2020-09-17T05:30:24+00:00","dateModified":"2021-05-15T22:26:59+00:00","description":"Qualifizierte Huforthop\u00e4dische und Osteopathische Behandlung f\u00fcr Pferde f\u00fcr die Regionen F\u00fcrstenfeldbruck, Aichach-Friedberg, Augsburg, Freising, Landsberg a. Lech, M\u00fcnchen, Neuburg-Schrobenhausen, Pfaffenhofen a. d. Ilm, Starnberg, Ebersberg, Erding, Dillingen a. d. Donau, Donau Ries und das Allg\u00e4u.","breadcrumb":{"@id":"https:\/\/www.padabam.de\/index.php\/huforthopaedie\/#breadcrumb"},"inLanguage":"de","potentialAction":[{"@type":"ReadAction","target":["https:\/\/www.padabam.de\/index.php\/huforthopaedie\/"]}]},{"@type":"ImageObject","inLanguage":"de","@id":"https:\/\/www.padabam.de\/index.php\/huforthopaedie\/#primaryimage","url":"http:\/\/www.padabam.de\/1338\/wp-content\/uploads\/2021\/05\/J5-683x1024.jpg","contentUrl":"http:\/\/www.padabam.de\/1338\/wp-content\/uploads\/2021\/05\/J5-683x1024.jpg"},{"@type":"BreadcrumbList","@id":"https:\/\/www.padabam.de\/index.php\/huforthopaedie\/#breadcrumb","itemListElement":[{"@type":"ListItem","position":1,"name":"Startseite","item":"https:\/\/www.padabam.de\/"},{"@type":"ListItem","position":2,"name":"Huforthop\u00e4die"}]},{"@type":"WebSite","@id":"https:\/\/www.padabam.de\/#website","url":"https:\/\/www.padabam.de\/","name":"Padabam","description":"Huforthop\u00e4die &amp; Osteopathie f\u00fcr Pferde","publisher":{"@id":"https:\/\/www.padabam.de\/#organization"},"potentialAction":[{"@type":"SearchAction","target":{"@type":"EntryPoint","urlTemplate":"https:\/\/www.padabam.de\/?s={search_term_string}"},"query-input":{"@type":"PropertyValueSpecification","valueRequired":true,"valueName":"search_term_string"}}],"inLanguage":"de"},{"@type":"Organization","@id":"https:\/\/www.padabam.de\/#organization","name":"Padabam","url":"https:\/\/www.padabam.de\/","logo":{"@type":"ImageObject","inLanguage":"de","@id":"https:\/\/www.padabam.de\/#\/schema\/logo\/image\/","url":"https:\/\/www.padabam.de\/1338\/wp-content\/uploads\/2021\/05\/Pferdelogo2.gif","contentUrl":"https:\/\/www.padabam.de\/1338\/wp-content\/uploads\/2021\/05\/Pferdelogo2.gif","width":147,"height":137,"caption":"Padabam"},"image":{"@id":"https:\/\/www.padabam.de\/#\/schema\/logo\/image\/"}}]}},"_links":{"self":[{"href":"https:\/\/www.padabam.de\/index.php\/wp-json\/wp\/v2\/pages\/1374","targetHints":{"allow":["GET"]}}],"collection":[{"href":"https:\/\/www.padabam.de\/index.php\/wp-json\/wp\/v2\/pages"}],"about":[{"href":"https:\/\/www.padabam.de\/index.php\/wp-json\/wp\/v2\/types\/page"}],"author":[{"embeddable":true,"href":"https:\/\/www.padabam.de\/index.php\/wp-json\/wp\/v2\/users\/1"}],"replies":[{"embeddable":true,"href":"https:\/\/www.padabam.de\/index.php\/wp-json\/wp\/v2\/comments?post=1374"}],"version-history":[{"count":7,"href":"https:\/\/www.padabam.de\/index.php\/wp-json\/wp\/v2\/pages\/1374\/revisions"}],"predecessor-version":[{"id":1684,"href":"https:\/\/www.padabam.de\/index.php\/wp-json\/wp\/v2\/pages\/1374\/revisions\/1684"}],"wp:attachment":[{"href":"https:\/\/www.padabam.de\/index.php\/wp-json\/wp\/v2\/media?parent=1374"}],"curies":[{"name":"wp","href":"https:\/\/api.w.org\/{rel}","templated":true}]}}