{"id":1376,"date":"2020-09-17T07:31:09","date_gmt":"2020-09-17T05:31:09","guid":{"rendered":"http:\/\/www.padabam.de\/1338\/index.php\/home\/"},"modified":"2021-05-16T00:34:15","modified_gmt":"2021-05-15T22:34:15","slug":"startseite","status":"publish","type":"page","link":"https:\/\/www.padabam.de\/","title":{"rendered":"Startseite"},"content":{"rendered":"\n<div class=\"wp-block-cover alignfull has-black-background-color has-background-dim\" style=\"min-height:650px;aspect-ratio:unset;\"><img loading=\"lazy\" decoding=\"async\" width=\"2000\" height=\"1333\" class=\"wp-block-cover__image-background wp-image-1646\" alt=\"\" src=\"https:\/\/www.padabam.de\/1338\/wp-content\/uploads\/2021\/05\/MakingOf2.jpg\" style=\"object-position:60% 40%\" data-object-fit=\"cover\" data-object-position=\"60% 40%\" srcset=\"https:\/\/www.padabam.de\/1338\/wp-content\/uploads\/2021\/05\/MakingOf2.jpg 2000w, https:\/\/www.padabam.de\/1338\/wp-content\/uploads\/2021\/05\/MakingOf2-300x200.jpg 300w, https:\/\/www.padabam.de\/1338\/wp-content\/uploads\/2021\/05\/MakingOf2-1024x682.jpg 1024w, https:\/\/www.padabam.de\/1338\/wp-content\/uploads\/2021\/05\/MakingOf2-768x512.jpg 768w, https:\/\/www.padabam.de\/1338\/wp-content\/uploads\/2021\/05\/MakingOf2-1536x1024.jpg 1536w\" sizes=\"auto, (max-width: 2000px) 100vw, 2000px\" \/><div class=\"wp-block-cover__inner-container is-layout-flow wp-block-cover-is-layout-flow\">\n<h1 class=\"has-text-align-center has-white-color has-text-color wp-block-heading\">Huforthop\u00e4die &amp;<br>Osteopathie f\u00fcr Pferde<\/h1>\n\n\n\n<div class=\"wp-block-buttons is-content-justification-center is-layout-flex wp-block-buttons-is-layout-flex\">\n<div class=\"wp-block-button\"><a class=\"wp-block-button__link\" href=\"https:\/\/www.padabam.de\/index.php\/das-hufproblem\/\">das Hufproblem<\/a><\/div>\n<\/div>\n<\/div><\/div>\n\n\n\n<div class=\"wp-block-group alignfull has-white-background-color has-background is-layout-flow wp-block-group-is-layout-flow\"><div class=\"wp-block-group__inner-container\">\n<div class=\"wp-block-media-text alignwide is-vertically-aligned-center is-image-fill is-stacked-on-mobile\" style=\"grid-template-columns:40% auto\"><figure class=\"wp-block-media-text__media\" style=\"background-image:url(https:\/\/www.padabam.de\/1338\/wp-content\/uploads\/2021\/05\/J3_GROSSX-748x1024.jpg);background-position:52% 36%\"><img loading=\"lazy\" decoding=\"async\" width=\"748\" height=\"1024\" src=\"https:\/\/www.padabam.de\/1338\/wp-content\/uploads\/2021\/05\/J3_GROSSX-748x1024.jpg\" alt=\"\" class=\"wp-image-1655 size-full\" srcset=\"https:\/\/www.padabam.de\/1338\/wp-content\/uploads\/2021\/05\/J3_GROSSX-748x1024.jpg 748w, https:\/\/www.padabam.de\/1338\/wp-content\/uploads\/2021\/05\/J3_GROSSX-219x300.jpg 219w, https:\/\/www.padabam.de\/1338\/wp-content\/uploads\/2021\/05\/J3_GROSSX-768x1051.jpg 768w, https:\/\/www.padabam.de\/1338\/wp-content\/uploads\/2021\/05\/J3_GROSSX-1122x1536.jpg 1122w, https:\/\/www.padabam.de\/1338\/wp-content\/uploads\/2021\/05\/J3_GROSSX.jpg 1216w\" sizes=\"auto, (max-width: 748px) 100vw, 748px\" \/><\/figure><div class=\"wp-block-media-text__content\">\n<h4 class=\"wp-block-heading\">Jana Huhn<\/h4>\n\n\n\n<p class=\"wp-block-paragraph\">Seit ich im Alter von 8 Jahren in den Reitverein eintreten durfte, habe ich mein Leben den Pferden verschrieben. Doch ich wollte nicht nur reiten, ich wollte daf\u00fcr sorgen, dass es den Tieren richtig gut geht.<\/p>\n\n\n\n<p class=\"wp-block-paragraph\">Deshalb machte ich die Ausbildung zur Pferdewirtin im Schwerpunkt Zucht und Haltung.<br>Diese bildete die ideale Grundlage um 2006 die Ausbildung zur Huforthop\u00e4din bei der DHG und 2010 zur Pferdeosteopathin am College Caball erfolgreich abzuschlie\u00dfen.<br>Alle drei Berufe zusammen bilden die ideale Kombination um ganzheitlich, sanft und effektiv die Gesundheit unserer Pferde zu erhalten\/ bzw. zur Gesundung beizutragen.<\/p>\n\n\n\n<p class=\"wp-block-paragraph\">Sowohl die Erfolge in meiner Arbeit am Pferd, als auch die zufriedenen Besitzer best\u00e4tigen mir immer wieder den richtigen Weg eingeschlagen zu haben und belohnen mich f\u00fcr die manchmal recht anstrengende Arbeit. Regelm\u00e4\u00dfige Fortbildungen halten dabei mein Wissen stets auf dem aktuellen Stand.<\/p>\n\n\n\n<div class=\"wp-block-buttons is-layout-flex wp-block-buttons-is-layout-flex\">\n<div class=\"wp-block-button\"><a class=\"wp-block-button__link\" href=\"https:\/\/www.padabam.de\/index.php\/kontakt\/\">Kontakt<\/a><\/div>\n<\/div>\n<\/div><\/div>\n\n\n\n<p class=\"wp-block-paragraph\"><\/p>\n<\/div><\/div>\n\n\n\n<p class=\"wp-block-paragraph\"><\/p>\n","protected":false},"excerpt":{"rendered":"<p>Jana Huhn Seit ich im Alter von 8 Jahren in den Reitverein eintreten durfte, habe ich mein Leben den Pferden verschrieben. Doch ich wollte nicht nur reiten, ich wollte daf\u00fcr sorgen, dass es den Tieren richtig gut geht. Deshalb machte ich die Ausbildung zur Pferdewirtin im Schwerpunkt Zucht und Haltung.Diese bildete die ideale Grundlage um [&hellip;]<\/p>\n","protected":false},"author":1,"featured_media":0,"parent":0,"menu_order":0,"comment_status":"closed","ping_status":"closed","template":"","meta":{"_crdt_document":"","site-sidebar-layout":"no-sidebar","site-content-layout":"plain-container","ast-site-content-layout":"default","site-content-style":"default","site-sidebar-style":"default","ast-global-header-display":"","ast-banner-title-visibility":"","ast-main-header-display":"","ast-hfb-above-header-display":"","ast-hfb-below-header-display":"","ast-hfb-mobile-header-display":"","site-post-title":"disabled","ast-breadcrumbs-content":"","ast-featured-img":"disabled","footer-sml-layout":"","ast-disable-related-posts":"","theme-transparent-header-meta":"default","adv-header-id-meta":"","stick-header-meta":"","header-above-stick-meta":"","header-main-stick-meta":"","header-below-stick-meta":"","astra-migrate-meta-layouts":"default","ast-page-background-enabled":"default","ast-page-background-meta":{"desktop":{"background-color":"","background-image":"","background-repeat":"repeat","background-position":"center center","background-size":"auto","background-attachment":"scroll","background-type":"","background-media":"","overlay-type":"","overlay-color":"","overlay-opacity":"","overlay-gradient":""},"tablet":{"background-color":"","background-image":"","background-repeat":"repeat","background-position":"center center","background-size":"auto","background-attachment":"scroll","background-type":"","background-media":"","overlay-type":"","overlay-color":"","overlay-opacity":"","overlay-gradient":""},"mobile":{"background-color":"","background-image":"","background-repeat":"repeat","background-position":"center center","background-size":"auto","background-attachment":"scroll","background-type":"","background-media":"","overlay-type":"","overlay-color":"","overlay-opacity":"","overlay-gradient":""}},"ast-content-background-meta":{"desktop":{"background-color":"var(--ast-global-color-5)","background-image":"","background-repeat":"repeat","background-position":"center center","background-size":"auto","background-attachment":"scroll","background-type":"","background-media":"","overlay-type":"","overlay-color":"","overlay-opacity":"","overlay-gradient":""},"tablet":{"background-color":"var(--ast-global-color-5)","background-image":"","background-repeat":"repeat","background-position":"center center","background-size":"auto","background-attachment":"scroll","background-type":"","background-media":"","overlay-type":"","overlay-color":"","overlay-opacity":"","overlay-gradient":""},"mobile":{"background-color":"var(--ast-global-color-5)","background-image":"","background-repeat":"repeat","background-position":"center center","background-size":"auto","background-attachment":"scroll","background-type":"","background-media":"","overlay-type":"","overlay-color":"","overlay-opacity":"","overlay-gradient":""}},"footnotes":""},"class_list":["post-1376","page","type-page","status-publish","hentry"],"yoast_head":"<!-- This site is optimized with the Yoast SEO plugin v27.1.1 - https:\/\/yoast.com\/product\/yoast-seo-wordpress\/ -->\n<title>Padabam - Huforthop\u00e4die &amp; Osteopathie f\u00fcr Pferde<\/title>\n<meta name=\"description\" content=\"Qualifizierte Huforthop\u00e4dische und Osteopathische Behandlung f\u00fcr Pferde f\u00fcr die Regionen F\u00fcrstenfeldbruck, Aichach-Friedberg, Augsburg, Freising, Landsberg a. Lech, M\u00fcnchen, Neuburg-Schrobenhausen, Pfaffenhofen a. d. Ilm, Starnberg, Ebersberg, Erding, Dillingen a. d. Donau, Donau Ries und das Allg\u00e4u.\" \/>\n<meta name=\"robots\" content=\"index, follow, max-snippet:-1, max-image-preview:large, max-video-preview:-1\" \/>\n<link rel=\"canonical\" href=\"https:\/\/www.padabam.de\/\" \/>\n<meta property=\"og:locale\" content=\"de_DE\" \/>\n<meta property=\"og:type\" content=\"article\" \/>\n<meta property=\"og:title\" content=\"Padabam - Huforthop\u00e4die &amp; Osteopathie f\u00fcr Pferde\" \/>\n<meta property=\"og:description\" content=\"Qualifizierte Huforthop\u00e4dische und Osteopathische Behandlung f\u00fcr Pferde f\u00fcr die Regionen F\u00fcrstenfeldbruck, Aichach-Friedberg, Augsburg, Freising, Landsberg a. Lech, M\u00fcnchen, Neuburg-Schrobenhausen, Pfaffenhofen a. d. Ilm, Starnberg, Ebersberg, Erding, Dillingen a. d. Donau, Donau Ries und das Allg\u00e4u.\" \/>\n<meta property=\"og:url\" content=\"https:\/\/www.padabam.de\/\" \/>\n<meta property=\"og:site_name\" content=\"Padabam\" \/>\n<meta property=\"article:modified_time\" content=\"2021-05-15T22:34:15+00:00\" \/>\n<meta property=\"og:image\" content=\"http:\/\/www.padabam.de\/1338\/wp-content\/uploads\/2021\/05\/MakingOf2.jpg\" \/>\n<meta name=\"twitter:card\" content=\"summary_large_image\" \/>\n<meta name=\"twitter:label1\" content=\"Gesch\u00e4tzte Lesezeit\" \/>\n\t<meta name=\"twitter:data1\" content=\"2\u00a0Minuten\" \/>\n<script type=\"application\/ld+json\" class=\"yoast-schema-graph\">{\"@context\":\"https:\/\/schema.org\",\"@graph\":[{\"@type\":\"WebPage\",\"@id\":\"https:\/\/www.padabam.de\/\",\"url\":\"https:\/\/www.padabam.de\/\",\"name\":\"Padabam - Huforthop\u00e4die &amp; Osteopathie f\u00fcr Pferde\",\"isPartOf\":{\"@id\":\"https:\/\/www.padabam.de\/#website\"},\"primaryImageOfPage\":{\"@id\":\"https:\/\/www.padabam.de\/#primaryimage\"},\"image\":{\"@id\":\"https:\/\/www.padabam.de\/#primaryimage\"},\"thumbnailUrl\":\"http:\/\/www.padabam.de\/1338\/wp-content\/uploads\/2021\/05\/MakingOf2.jpg\",\"datePublished\":\"2020-09-17T05:31:09+00:00\",\"dateModified\":\"2021-05-15T22:34:15+00:00\",\"description\":\"Qualifizierte Huforthop\u00e4dische und Osteopathische Behandlung f\u00fcr Pferde f\u00fcr die Regionen F\u00fcrstenfeldbruck, Aichach-Friedberg, Augsburg, Freising, Landsberg a. Lech, M\u00fcnchen, Neuburg-Schrobenhausen, Pfaffenhofen a. d. Ilm, Starnberg, Ebersberg, Erding, Dillingen a. d. Donau, Donau Ries und das Allg\u00e4u.\",\"breadcrumb\":{\"@id\":\"https:\/\/www.padabam.de\/#breadcrumb\"},\"inLanguage\":\"de\",\"potentialAction\":[{\"@type\":\"ReadAction\",\"target\":[\"https:\/\/www.padabam.de\/\"]}]},{\"@type\":\"ImageObject\",\"inLanguage\":\"de\",\"@id\":\"https:\/\/www.padabam.de\/#primaryimage\",\"url\":\"http:\/\/www.padabam.de\/1338\/wp-content\/uploads\/2021\/05\/MakingOf2.jpg\",\"contentUrl\":\"http:\/\/www.padabam.de\/1338\/wp-content\/uploads\/2021\/05\/MakingOf2.jpg\"},{\"@type\":\"BreadcrumbList\",\"@id\":\"https:\/\/www.padabam.de\/#breadcrumb\",\"itemListElement\":[{\"@type\":\"ListItem\",\"position\":1,\"name\":\"Startseite\",\"item\":\"https:\/\/www.padabam.de\/\"},{\"@type\":\"ListItem\",\"position\":2,\"name\":\"Startseite\"}]},{\"@type\":\"WebSite\",\"@id\":\"https:\/\/www.padabam.de\/#website\",\"url\":\"https:\/\/www.padabam.de\/\",\"name\":\"Padabam\",\"description\":\"Huforthop\u00e4die &amp; Osteopathie f\u00fcr Pferde\",\"publisher\":{\"@id\":\"https:\/\/www.padabam.de\/#organization\"},\"potentialAction\":[{\"@type\":\"SearchAction\",\"target\":{\"@type\":\"EntryPoint\",\"urlTemplate\":\"https:\/\/www.padabam.de\/?s={search_term_string}\"},\"query-input\":{\"@type\":\"PropertyValueSpecification\",\"valueRequired\":true,\"valueName\":\"search_term_string\"}}],\"inLanguage\":\"de\"},{\"@type\":\"Organization\",\"@id\":\"https:\/\/www.padabam.de\/#organization\",\"name\":\"Padabam\",\"url\":\"https:\/\/www.padabam.de\/\",\"logo\":{\"@type\":\"ImageObject\",\"inLanguage\":\"de\",\"@id\":\"https:\/\/www.padabam.de\/#\/schema\/logo\/image\/\",\"url\":\"https:\/\/www.padabam.de\/1338\/wp-content\/uploads\/2021\/05\/Pferdelogo2.gif\",\"contentUrl\":\"https:\/\/www.padabam.de\/1338\/wp-content\/uploads\/2021\/05\/Pferdelogo2.gif\",\"width\":147,\"height\":137,\"caption\":\"Padabam\"},\"image\":{\"@id\":\"https:\/\/www.padabam.de\/#\/schema\/logo\/image\/\"}}]}<\/script>\n<!-- \/ Yoast SEO plugin. -->","yoast_head_json":{"title":"Padabam - Huforthop\u00e4die &amp; Osteopathie f\u00fcr Pferde","description":"Qualifizierte Huforthop\u00e4dische und Osteopathische Behandlung f\u00fcr Pferde f\u00fcr die Regionen F\u00fcrstenfeldbruck, Aichach-Friedberg, Augsburg, Freising, Landsberg a. Lech, M\u00fcnchen, Neuburg-Schrobenhausen, Pfaffenhofen a. d. Ilm, Starnberg, Ebersberg, Erding, Dillingen a. d. Donau, Donau Ries und das Allg\u00e4u.","robots":{"index":"index","follow":"follow","max-snippet":"max-snippet:-1","max-image-preview":"max-image-preview:large","max-video-preview":"max-video-preview:-1"},"canonical":"https:\/\/www.padabam.de\/","og_locale":"de_DE","og_type":"article","og_title":"Padabam - Huforthop\u00e4die &amp; Osteopathie f\u00fcr Pferde","og_description":"Qualifizierte Huforthop\u00e4dische und Osteopathische Behandlung f\u00fcr Pferde f\u00fcr die Regionen F\u00fcrstenfeldbruck, Aichach-Friedberg, Augsburg, Freising, Landsberg a. Lech, M\u00fcnchen, Neuburg-Schrobenhausen, Pfaffenhofen a. d. Ilm, Starnberg, Ebersberg, Erding, Dillingen a. d. Donau, Donau Ries und das Allg\u00e4u.","og_url":"https:\/\/www.padabam.de\/","og_site_name":"Padabam","article_modified_time":"2021-05-15T22:34:15+00:00","og_image":[{"url":"http:\/\/www.padabam.de\/1338\/wp-content\/uploads\/2021\/05\/MakingOf2.jpg","type":"","width":"","height":""}],"twitter_card":"summary_large_image","twitter_misc":{"Gesch\u00e4tzte Lesezeit":"2\u00a0Minuten"},"schema":{"@context":"https:\/\/schema.org","@graph":[{"@type":"WebPage","@id":"https:\/\/www.padabam.de\/","url":"https:\/\/www.padabam.de\/","name":"Padabam - Huforthop\u00e4die &amp; Osteopathie f\u00fcr Pferde","isPartOf":{"@id":"https:\/\/www.padabam.de\/#website"},"primaryImageOfPage":{"@id":"https:\/\/www.padabam.de\/#primaryimage"},"image":{"@id":"https:\/\/www.padabam.de\/#primaryimage"},"thumbnailUrl":"http:\/\/www.padabam.de\/1338\/wp-content\/uploads\/2021\/05\/MakingOf2.jpg","datePublished":"2020-09-17T05:31:09+00:00","dateModified":"2021-05-15T22:34:15+00:00","description":"Qualifizierte Huforthop\u00e4dische und Osteopathische Behandlung f\u00fcr Pferde f\u00fcr die Regionen F\u00fcrstenfeldbruck, Aichach-Friedberg, Augsburg, Freising, Landsberg a. Lech, M\u00fcnchen, Neuburg-Schrobenhausen, Pfaffenhofen a. d. Ilm, Starnberg, Ebersberg, Erding, Dillingen a. d. Donau, Donau Ries und das Allg\u00e4u.","breadcrumb":{"@id":"https:\/\/www.padabam.de\/#breadcrumb"},"inLanguage":"de","potentialAction":[{"@type":"ReadAction","target":["https:\/\/www.padabam.de\/"]}]},{"@type":"ImageObject","inLanguage":"de","@id":"https:\/\/www.padabam.de\/#primaryimage","url":"http:\/\/www.padabam.de\/1338\/wp-content\/uploads\/2021\/05\/MakingOf2.jpg","contentUrl":"http:\/\/www.padabam.de\/1338\/wp-content\/uploads\/2021\/05\/MakingOf2.jpg"},{"@type":"BreadcrumbList","@id":"https:\/\/www.padabam.de\/#breadcrumb","itemListElement":[{"@type":"ListItem","position":1,"name":"Startseite","item":"https:\/\/www.padabam.de\/"},{"@type":"ListItem","position":2,"name":"Startseite"}]},{"@type":"WebSite","@id":"https:\/\/www.padabam.de\/#website","url":"https:\/\/www.padabam.de\/","name":"Padabam","description":"Huforthop\u00e4die &amp; Osteopathie f\u00fcr Pferde","publisher":{"@id":"https:\/\/www.padabam.de\/#organization"},"potentialAction":[{"@type":"SearchAction","target":{"@type":"EntryPoint","urlTemplate":"https:\/\/www.padabam.de\/?s={search_term_string}"},"query-input":{"@type":"PropertyValueSpecification","valueRequired":true,"valueName":"search_term_string"}}],"inLanguage":"de"},{"@type":"Organization","@id":"https:\/\/www.padabam.de\/#organization","name":"Padabam","url":"https:\/\/www.padabam.de\/","logo":{"@type":"ImageObject","inLanguage":"de","@id":"https:\/\/www.padabam.de\/#\/schema\/logo\/image\/","url":"https:\/\/www.padabam.de\/1338\/wp-content\/uploads\/2021\/05\/Pferdelogo2.gif","contentUrl":"https:\/\/www.padabam.de\/1338\/wp-content\/uploads\/2021\/05\/Pferdelogo2.gif","width":147,"height":137,"caption":"Padabam"},"image":{"@id":"https:\/\/www.padabam.de\/#\/schema\/logo\/image\/"}}]}},"_links":{"self":[{"href":"https:\/\/www.padabam.de\/index.php\/wp-json\/wp\/v2\/pages\/1376","targetHints":{"allow":["GET"]}}],"collection":[{"href":"https:\/\/www.padabam.de\/index.php\/wp-json\/wp\/v2\/pages"}],"about":[{"href":"https:\/\/www.padabam.de\/index.php\/wp-json\/wp\/v2\/types\/page"}],"author":[{"embeddable":true,"href":"https:\/\/www.padabam.de\/index.php\/wp-json\/wp\/v2\/users\/1"}],"replies":[{"embeddable":true,"href":"https:\/\/www.padabam.de\/index.php\/wp-json\/wp\/v2\/comments?post=1376"}],"version-history":[{"count":15,"href":"https:\/\/www.padabam.de\/index.php\/wp-json\/wp\/v2\/pages\/1376\/revisions"}],"predecessor-version":[{"id":1689,"href":"https:\/\/www.padabam.de\/index.php\/wp-json\/wp\/v2\/pages\/1376\/revisions\/1689"}],"wp:attachment":[{"href":"https:\/\/www.padabam.de\/index.php\/wp-json\/wp\/v2\/media?parent=1376"}],"curies":[{"name":"wp","href":"https:\/\/api.w.org\/{rel}","templated":true}]}}