{"id":1621,"date":"2021-05-14T11:44:33","date_gmt":"2021-05-14T09:44:33","guid":{"rendered":"http:\/\/www.padabam.de\/1338\/?page_id=1621"},"modified":"2021-05-16T00:27:17","modified_gmt":"2021-05-15T22:27:17","slug":"einsatzgebiet","status":"publish","type":"page","link":"https:\/\/www.padabam.de\/index.php\/einsatzgebiet\/","title":{"rendered":"Einsatzgebiet"},"content":{"rendered":"\n<div class=\"wp-block-group alignfull has-white-background-color has-background is-layout-flow wp-block-group-is-layout-flow\"><div class=\"wp-block-group__inner-container\">\n<h1 class=\"wp-block-heading\" style=\"font-size:38px\">Einsatzgebiet<\/h1>\n<\/div><\/div>\n\n\n\n<div class=\"wp-block-group alignfull has-background is-layout-flow wp-block-group-is-layout-flow\" style=\"background-color:#fafafa\"><div class=\"wp-block-group__inner-container\">\n<div class=\"wp-block-media-text alignwide is-vertically-aligned-center is-stacked-on-mobile\" style=\"grid-template-columns:62% auto\"><figure class=\"wp-block-media-text__media\"><img loading=\"lazy\" decoding=\"async\" width=\"870\" height=\"740\" src=\"https:\/\/www.padabam.de\/1338\/wp-content\/uploads\/2021\/05\/Landkreise_Bayern_markiert_geschnitten.jpg\" alt=\"\" class=\"wp-image-1670 size-full\" srcset=\"https:\/\/www.padabam.de\/1338\/wp-content\/uploads\/2021\/05\/Landkreise_Bayern_markiert_geschnitten.jpg 870w, https:\/\/www.padabam.de\/1338\/wp-content\/uploads\/2021\/05\/Landkreise_Bayern_markiert_geschnitten-300x255.jpg 300w, https:\/\/www.padabam.de\/1338\/wp-content\/uploads\/2021\/05\/Landkreise_Bayern_markiert_geschnitten-768x653.jpg 768w\" sizes=\"auto, (max-width: 870px) 100vw, 870px\" \/><\/figure><div class=\"wp-block-media-text__content\">\n<p class=\"wp-block-paragraph\"><strong>Landkreise<\/strong><\/p>\n\n\n\n<ul class=\"wp-block-list\"><li>F\u00fcrstenfeldbruck<\/li><li>Aichach-Friedberg<\/li><li>Augsburg<\/li><li>Freising<\/li><li>Landsberg a. Lech<\/li><li>M\u00fcnchen<\/li><li>Neuburg-Schrobenhausen<\/li><li>Pfaffenhofen a. d. Ilm<\/li><li>Starnberg<\/li><li>Ebersberg<\/li><li>Erding<\/li><li>Allg\u00e4u<\/li><li>Dillingen a. d. Donau<\/li><li>Donau Ries<\/li><\/ul>\n\n\n\n<p class=\"wp-block-paragraph\">weitere Gebiete auf Anfrage<\/p>\n\n\n\n<p class=\"wp-block-paragraph\"><\/p>\n\n\n\n<div class=\"wp-block-buttons is-layout-flex wp-block-buttons-is-layout-flex\">\n<div class=\"wp-block-button\"><a class=\"wp-block-button__link\" href=\"https:\/\/www.padabam.de\/index.php\/kontakt\/\">Kontakt<\/a><\/div>\n<\/div>\n<\/div><\/div>\n\n\n\n<p class=\"wp-block-paragraph\"><br>Quelle: <a href=\"https:\/\/commons.wikimedia.org\/wiki\/File:Landkreise_07-2007.svg\" target=\"_blank\" rel=\"noreferrer noopener nofollow\">Landkreise 07-2007.svg<\/a> by <a href=\"https:\/\/commons.wikimedia.org\/wiki\/User:Fremantleboy\" target=\"_blank\" rel=\"noreferrer noopener nofollow\">Fremantleboy<\/a> (ausgeschnitten und markiert)<br>Urheber: <a href=\"https:\/\/commons.wikimedia.org\/wiki\/User:NordNordWest\" target=\"_blank\" rel=\"noreferrer noopener nofollow\">NordNordWest<\/a><br>Diese Datei ist unter der <a href=\"https:\/\/en.wikipedia.org\/wiki\/de:Creative_Commons\" target=\"_blank\" rel=\"noreferrer noopener nofollow\">Creative-Commons<\/a>-Lizenz <a href=\"https:\/\/creativecommons.org\/licenses\/by-sa\/3.0\/deed.de\" target=\"_blank\" rel=\"noreferrer noopener nofollow\">\u201eNamensnennung \u2013 Weitergabe unter gleichen Bedingungen 3.0 nicht portiert\u201c<\/a> lizenziert.<\/p>\n<\/div><\/div>\n\n\n\n<div class=\"wp-block-group alignfull has-white-background-color has-background is-layout-flow wp-block-group-is-layout-flow\"><div class=\"wp-block-group__inner-container\"><\/div><\/div>\n","protected":false},"excerpt":{"rendered":"<p>Einsatzgebiet Landkreise F\u00fcrstenfeldbruck Aichach-Friedberg Augsburg Freising Landsberg a. Lech M\u00fcnchen Neuburg-Schrobenhausen Pfaffenhofen a. d. Ilm Starnberg Ebersberg Erding Allg\u00e4u Dillingen a. d. Donau Donau Ries weitere Gebiete auf Anfrage Quelle: Landkreise 07-2007.svg by Fremantleboy (ausgeschnitten und markiert)Urheber: NordNordWestDiese Datei ist unter der Creative-Commons-Lizenz \u201eNamensnennung \u2013 Weitergabe unter gleichen Bedingungen 3.0 nicht portiert\u201c lizenziert.<\/p>\n","protected":false},"author":1,"featured_media":0,"parent":0,"menu_order":0,"comment_status":"closed","ping_status":"closed","template":"","meta":{"_crdt_document":"","site-sidebar-layout":"no-sidebar","site-content-layout":"plain-container","ast-site-content-layout":"default","site-content-style":"default","site-sidebar-style":"default","ast-global-header-display":"","ast-banner-title-visibility":"","ast-main-header-display":"","ast-hfb-above-header-display":"","ast-hfb-below-header-display":"","ast-hfb-mobile-header-display":"","site-post-title":"disabled","ast-breadcrumbs-content":"","ast-featured-img":"disabled","footer-sml-layout":"","ast-disable-related-posts":"","theme-transparent-header-meta":"default","adv-header-id-meta":"","stick-header-meta":"","header-above-stick-meta":"","header-main-stick-meta":"","header-below-stick-meta":"","astra-migrate-meta-layouts":"default","ast-page-background-enabled":"default","ast-page-background-meta":{"desktop":{"background-color":"","background-image":"","background-repeat":"repeat","background-position":"center center","background-size":"auto","background-attachment":"scroll","background-type":"","background-media":"","overlay-type":"","overlay-color":"","overlay-opacity":"","overlay-gradient":""},"tablet":{"background-color":"","background-image":"","background-repeat":"repeat","background-position":"center center","background-size":"auto","background-attachment":"scroll","background-type":"","background-media":"","overlay-type":"","overlay-color":"","overlay-opacity":"","overlay-gradient":""},"mobile":{"background-color":"","background-image":"","background-repeat":"repeat","background-position":"center center","background-size":"auto","background-attachment":"scroll","background-type":"","background-media":"","overlay-type":"","overlay-color":"","overlay-opacity":"","overlay-gradient":""}},"ast-content-background-meta":{"desktop":{"background-color":"var(--ast-global-color-5)","background-image":"","background-repeat":"repeat","background-position":"center center","background-size":"auto","background-attachment":"scroll","background-type":"","background-media":"","overlay-type":"","overlay-color":"","overlay-opacity":"","overlay-gradient":""},"tablet":{"background-color":"var(--ast-global-color-5)","background-image":"","background-repeat":"repeat","background-position":"center center","background-size":"auto","background-attachment":"scroll","background-type":"","background-media":"","overlay-type":"","overlay-color":"","overlay-opacity":"","overlay-gradient":""},"mobile":{"background-color":"var(--ast-global-color-5)","background-image":"","background-repeat":"repeat","background-position":"center center","background-size":"auto","background-attachment":"scroll","background-type":"","background-media":"","overlay-type":"","overlay-color":"","overlay-opacity":"","overlay-gradient":""}},"footnotes":""},"class_list":["post-1621","page","type-page","status-publish","hentry"],"yoast_head":"<!-- This site is optimized with the Yoast SEO plugin v27.1.1 - https:\/\/yoast.com\/product\/yoast-seo-wordpress\/ -->\n<title>Padabam - Einsatzgebiet<\/title>\n<meta name=\"description\" content=\"Qualifizierte Huforthop\u00e4dische und Osteopathische Behandlung f\u00fcr Pferde f\u00fcr die Regionen F\u00fcrstenfeldbruck, Aichach-Friedberg, Augsburg, Freising, Landsberg a. Lech, M\u00fcnchen, Neuburg-Schrobenhausen, Pfaffenhofen a. d. Ilm, Starnberg, Ebersberg, Erding, Dillingen a. d. Donau, Donau Ries und das Allg\u00e4u.\" \/>\n<meta name=\"robots\" content=\"index, follow, max-snippet:-1, max-image-preview:large, max-video-preview:-1\" \/>\n<link rel=\"canonical\" href=\"https:\/\/www.padabam.de\/index.php\/einsatzgebiet\/\" \/>\n<meta property=\"og:locale\" content=\"de_DE\" \/>\n<meta property=\"og:type\" content=\"article\" \/>\n<meta property=\"og:title\" content=\"Padabam - Einsatzgebiet\" \/>\n<meta property=\"og:description\" content=\"Qualifizierte Huforthop\u00e4dische und Osteopathische Behandlung f\u00fcr Pferde f\u00fcr die Regionen F\u00fcrstenfeldbruck, Aichach-Friedberg, Augsburg, Freising, Landsberg a. Lech, M\u00fcnchen, Neuburg-Schrobenhausen, Pfaffenhofen a. d. Ilm, Starnberg, Ebersberg, Erding, Dillingen a. d. Donau, Donau Ries und das Allg\u00e4u.\" \/>\n<meta property=\"og:url\" content=\"https:\/\/www.padabam.de\/index.php\/einsatzgebiet\/\" \/>\n<meta property=\"og:site_name\" content=\"Padabam\" \/>\n<meta property=\"article:modified_time\" content=\"2021-05-15T22:27:17+00:00\" \/>\n<meta property=\"og:image\" content=\"https:\/\/www.padabam.de\/1338\/wp-content\/uploads\/2021\/05\/Landkreise_Bayern_markiert_geschnitten.jpg\" \/>\n<meta name=\"twitter:card\" content=\"summary_large_image\" \/>\n<meta name=\"twitter:label1\" content=\"Gesch\u00e4tzte Lesezeit\" \/>\n\t<meta name=\"twitter:data1\" content=\"1\u00a0Minute\" \/>\n<script type=\"application\/ld+json\" class=\"yoast-schema-graph\">{\"@context\":\"https:\/\/schema.org\",\"@graph\":[{\"@type\":\"WebPage\",\"@id\":\"https:\/\/www.padabam.de\/index.php\/einsatzgebiet\/\",\"url\":\"https:\/\/www.padabam.de\/index.php\/einsatzgebiet\/\",\"name\":\"Padabam - Einsatzgebiet\",\"isPartOf\":{\"@id\":\"https:\/\/www.padabam.de\/#website\"},\"primaryImageOfPage\":{\"@id\":\"https:\/\/www.padabam.de\/index.php\/einsatzgebiet\/#primaryimage\"},\"image\":{\"@id\":\"https:\/\/www.padabam.de\/index.php\/einsatzgebiet\/#primaryimage\"},\"thumbnailUrl\":\"https:\/\/www.padabam.de\/1338\/wp-content\/uploads\/2021\/05\/Landkreise_Bayern_markiert_geschnitten.jpg\",\"datePublished\":\"2021-05-14T09:44:33+00:00\",\"dateModified\":\"2021-05-15T22:27:17+00:00\",\"description\":\"Qualifizierte Huforthop\u00e4dische und Osteopathische Behandlung f\u00fcr Pferde f\u00fcr die Regionen F\u00fcrstenfeldbruck, Aichach-Friedberg, Augsburg, Freising, Landsberg a. Lech, M\u00fcnchen, Neuburg-Schrobenhausen, Pfaffenhofen a. d. Ilm, Starnberg, Ebersberg, Erding, Dillingen a. d. Donau, Donau Ries und das Allg\u00e4u.\",\"breadcrumb\":{\"@id\":\"https:\/\/www.padabam.de\/index.php\/einsatzgebiet\/#breadcrumb\"},\"inLanguage\":\"de\",\"potentialAction\":[{\"@type\":\"ReadAction\",\"target\":[\"https:\/\/www.padabam.de\/index.php\/einsatzgebiet\/\"]}]},{\"@type\":\"ImageObject\",\"inLanguage\":\"de\",\"@id\":\"https:\/\/www.padabam.de\/index.php\/einsatzgebiet\/#primaryimage\",\"url\":\"https:\/\/www.padabam.de\/1338\/wp-content\/uploads\/2021\/05\/Landkreise_Bayern_markiert_geschnitten.jpg\",\"contentUrl\":\"https:\/\/www.padabam.de\/1338\/wp-content\/uploads\/2021\/05\/Landkreise_Bayern_markiert_geschnitten.jpg\",\"width\":870,\"height\":740},{\"@type\":\"BreadcrumbList\",\"@id\":\"https:\/\/www.padabam.de\/index.php\/einsatzgebiet\/#breadcrumb\",\"itemListElement\":[{\"@type\":\"ListItem\",\"position\":1,\"name\":\"Startseite\",\"item\":\"https:\/\/www.padabam.de\/\"},{\"@type\":\"ListItem\",\"position\":2,\"name\":\"Einsatzgebiet\"}]},{\"@type\":\"WebSite\",\"@id\":\"https:\/\/www.padabam.de\/#website\",\"url\":\"https:\/\/www.padabam.de\/\",\"name\":\"Padabam\",\"description\":\"Huforthop\u00e4die &amp; Osteopathie f\u00fcr Pferde\",\"publisher\":{\"@id\":\"https:\/\/www.padabam.de\/#organization\"},\"potentialAction\":[{\"@type\":\"SearchAction\",\"target\":{\"@type\":\"EntryPoint\",\"urlTemplate\":\"https:\/\/www.padabam.de\/?s={search_term_string}\"},\"query-input\":{\"@type\":\"PropertyValueSpecification\",\"valueRequired\":true,\"valueName\":\"search_term_string\"}}],\"inLanguage\":\"de\"},{\"@type\":\"Organization\",\"@id\":\"https:\/\/www.padabam.de\/#organization\",\"name\":\"Padabam\",\"url\":\"https:\/\/www.padabam.de\/\",\"logo\":{\"@type\":\"ImageObject\",\"inLanguage\":\"de\",\"@id\":\"https:\/\/www.padabam.de\/#\/schema\/logo\/image\/\",\"url\":\"https:\/\/www.padabam.de\/1338\/wp-content\/uploads\/2021\/05\/Pferdelogo2.gif\",\"contentUrl\":\"https:\/\/www.padabam.de\/1338\/wp-content\/uploads\/2021\/05\/Pferdelogo2.gif\",\"width\":147,\"height\":137,\"caption\":\"Padabam\"},\"image\":{\"@id\":\"https:\/\/www.padabam.de\/#\/schema\/logo\/image\/\"}}]}<\/script>\n<!-- \/ Yoast SEO plugin. -->","yoast_head_json":{"title":"Padabam - Einsatzgebiet","description":"Qualifizierte Huforthop\u00e4dische und Osteopathische Behandlung f\u00fcr Pferde f\u00fcr die Regionen F\u00fcrstenfeldbruck, Aichach-Friedberg, Augsburg, Freising, Landsberg a. Lech, M\u00fcnchen, Neuburg-Schrobenhausen, Pfaffenhofen a. d. Ilm, Starnberg, Ebersberg, Erding, Dillingen a. d. Donau, Donau Ries und das Allg\u00e4u.","robots":{"index":"index","follow":"follow","max-snippet":"max-snippet:-1","max-image-preview":"max-image-preview:large","max-video-preview":"max-video-preview:-1"},"canonical":"https:\/\/www.padabam.de\/index.php\/einsatzgebiet\/","og_locale":"de_DE","og_type":"article","og_title":"Padabam - Einsatzgebiet","og_description":"Qualifizierte Huforthop\u00e4dische und Osteopathische Behandlung f\u00fcr Pferde f\u00fcr die Regionen F\u00fcrstenfeldbruck, Aichach-Friedberg, Augsburg, Freising, Landsberg a. Lech, M\u00fcnchen, Neuburg-Schrobenhausen, Pfaffenhofen a. d. Ilm, Starnberg, Ebersberg, Erding, Dillingen a. d. Donau, Donau Ries und das Allg\u00e4u.","og_url":"https:\/\/www.padabam.de\/index.php\/einsatzgebiet\/","og_site_name":"Padabam","article_modified_time":"2021-05-15T22:27:17+00:00","og_image":[{"url":"https:\/\/www.padabam.de\/1338\/wp-content\/uploads\/2021\/05\/Landkreise_Bayern_markiert_geschnitten.jpg","type":"","width":"","height":""}],"twitter_card":"summary_large_image","twitter_misc":{"Gesch\u00e4tzte Lesezeit":"1\u00a0Minute"},"schema":{"@context":"https:\/\/schema.org","@graph":[{"@type":"WebPage","@id":"https:\/\/www.padabam.de\/index.php\/einsatzgebiet\/","url":"https:\/\/www.padabam.de\/index.php\/einsatzgebiet\/","name":"Padabam - Einsatzgebiet","isPartOf":{"@id":"https:\/\/www.padabam.de\/#website"},"primaryImageOfPage":{"@id":"https:\/\/www.padabam.de\/index.php\/einsatzgebiet\/#primaryimage"},"image":{"@id":"https:\/\/www.padabam.de\/index.php\/einsatzgebiet\/#primaryimage"},"thumbnailUrl":"https:\/\/www.padabam.de\/1338\/wp-content\/uploads\/2021\/05\/Landkreise_Bayern_markiert_geschnitten.jpg","datePublished":"2021-05-14T09:44:33+00:00","dateModified":"2021-05-15T22:27:17+00:00","description":"Qualifizierte Huforthop\u00e4dische und Osteopathische Behandlung f\u00fcr Pferde f\u00fcr die Regionen F\u00fcrstenfeldbruck, Aichach-Friedberg, Augsburg, Freising, Landsberg a. Lech, M\u00fcnchen, Neuburg-Schrobenhausen, Pfaffenhofen a. d. Ilm, Starnberg, Ebersberg, Erding, Dillingen a. d. Donau, Donau Ries und das Allg\u00e4u.","breadcrumb":{"@id":"https:\/\/www.padabam.de\/index.php\/einsatzgebiet\/#breadcrumb"},"inLanguage":"de","potentialAction":[{"@type":"ReadAction","target":["https:\/\/www.padabam.de\/index.php\/einsatzgebiet\/"]}]},{"@type":"ImageObject","inLanguage":"de","@id":"https:\/\/www.padabam.de\/index.php\/einsatzgebiet\/#primaryimage","url":"https:\/\/www.padabam.de\/1338\/wp-content\/uploads\/2021\/05\/Landkreise_Bayern_markiert_geschnitten.jpg","contentUrl":"https:\/\/www.padabam.de\/1338\/wp-content\/uploads\/2021\/05\/Landkreise_Bayern_markiert_geschnitten.jpg","width":870,"height":740},{"@type":"BreadcrumbList","@id":"https:\/\/www.padabam.de\/index.php\/einsatzgebiet\/#breadcrumb","itemListElement":[{"@type":"ListItem","position":1,"name":"Startseite","item":"https:\/\/www.padabam.de\/"},{"@type":"ListItem","position":2,"name":"Einsatzgebiet"}]},{"@type":"WebSite","@id":"https:\/\/www.padabam.de\/#website","url":"https:\/\/www.padabam.de\/","name":"Padabam","description":"Huforthop\u00e4die &amp; Osteopathie f\u00fcr Pferde","publisher":{"@id":"https:\/\/www.padabam.de\/#organization"},"potentialAction":[{"@type":"SearchAction","target":{"@type":"EntryPoint","urlTemplate":"https:\/\/www.padabam.de\/?s={search_term_string}"},"query-input":{"@type":"PropertyValueSpecification","valueRequired":true,"valueName":"search_term_string"}}],"inLanguage":"de"},{"@type":"Organization","@id":"https:\/\/www.padabam.de\/#organization","name":"Padabam","url":"https:\/\/www.padabam.de\/","logo":{"@type":"ImageObject","inLanguage":"de","@id":"https:\/\/www.padabam.de\/#\/schema\/logo\/image\/","url":"https:\/\/www.padabam.de\/1338\/wp-content\/uploads\/2021\/05\/Pferdelogo2.gif","contentUrl":"https:\/\/www.padabam.de\/1338\/wp-content\/uploads\/2021\/05\/Pferdelogo2.gif","width":147,"height":137,"caption":"Padabam"},"image":{"@id":"https:\/\/www.padabam.de\/#\/schema\/logo\/image\/"}}]}},"_links":{"self":[{"href":"https:\/\/www.padabam.de\/index.php\/wp-json\/wp\/v2\/pages\/1621","targetHints":{"allow":["GET"]}}],"collection":[{"href":"https:\/\/www.padabam.de\/index.php\/wp-json\/wp\/v2\/pages"}],"about":[{"href":"https:\/\/www.padabam.de\/index.php\/wp-json\/wp\/v2\/types\/page"}],"author":[{"embeddable":true,"href":"https:\/\/www.padabam.de\/index.php\/wp-json\/wp\/v2\/users\/1"}],"replies":[{"embeddable":true,"href":"https:\/\/www.padabam.de\/index.php\/wp-json\/wp\/v2\/comments?post=1621"}],"version-history":[{"count":10,"href":"https:\/\/www.padabam.de\/index.php\/wp-json\/wp\/v2\/pages\/1621\/revisions"}],"predecessor-version":[{"id":1682,"href":"https:\/\/www.padabam.de\/index.php\/wp-json\/wp\/v2\/pages\/1621\/revisions\/1682"}],"wp:attachment":[{"href":"https:\/\/www.padabam.de\/index.php\/wp-json\/wp\/v2\/media?parent=1621"}],"curies":[{"name":"wp","href":"https:\/\/api.w.org\/{rel}","templated":true}]}}